{"id":14,"date":"2016-08-31T20:29:10","date_gmt":"2016-08-31T18:29:10","guid":{"rendered":"http:\/\/ssc90.de\/web\/?page_id=14"},"modified":"2025-06-17T22:26:32","modified_gmt":"2025-06-17T20:26:32","slug":"wettkaempfe","status":"publish","type":"page","link":"https:\/\/ssc90.de\/web\/schwimmen-allgemeines\/wettkaempfe\/","title":{"rendered":"Wettk\u00e4mpfe"},"content":{"rendered":"<p><a href=\"https:\/\/ssc90.de\/web\/wp-content\/uploads\/2022\/04\/Infos-erster-WK_neu.pdf\" class=\"mtli_attachment mtli_pdf\">Wichtige Informationen f\u00fcr deinen ersten Wettkampf<\/a><\/p>\n<div>Hier ist zu beachten, dass nicht alle Gruppen an den jeweiligen Wettk\u00e4mpfen teilnehmen. Die detaillierten Informationen bekommst du \u00fcber dein Trainerteam. Unter Meldeschluss zeigen wir hier den letztm\u00f6glichen Termin zu \u00c4nderungen der Meldung an, hierzu m\u00fcsst ihr euch aber immer mit eurem Trainerteam abstimmen. Dies dient nur zur Orientierung.<\/div>\n","protected":false},"excerpt":{"rendered":"<p>Wichtige Informationen f\u00fcr deinen ersten Wettkampf Hier ist zu beachten, dass nicht alle Gruppen an den jeweiligen Wettk\u00e4mpfen teilnehmen. Die<\/p>\n","protected":false},"author":1,"featured_media":0,"parent":10,"menu_order":2,"comment_status":"closed","ping_status":"closed","template":"","meta":{"colormag_page_container_layout":"default_layout","colormag_page_sidebar_layout":"default_layout","footnotes":""},"class_list":["post-14","page","type-page","status-publish","hentry"],"_links":{"self":[{"href":"https:\/\/ssc90.de\/web\/wp-json\/wp\/v2\/pages\/14","targetHints":{"allow":["GET"]}}],"collection":[{"href":"https:\/\/ssc90.de\/web\/wp-json\/wp\/v2\/pages"}],"about":[{"href":"https:\/\/ssc90.de\/web\/wp-json\/wp\/v2\/types\/page"}],"author":[{"embeddable":true,"href":"https:\/\/ssc90.de\/web\/wp-json\/wp\/v2\/users\/1"}],"replies":[{"embeddable":true,"href":"https:\/\/ssc90.de\/web\/wp-json\/wp\/v2\/comments?post=14"}],"version-history":[{"count":63,"href":"https:\/\/ssc90.de\/web\/wp-json\/wp\/v2\/pages\/14\/revisions"}],"predecessor-version":[{"id":3817,"href":"https:\/\/ssc90.de\/web\/wp-json\/wp\/v2\/pages\/14\/revisions\/3817"}],"up":[{"embeddable":true,"href":"https:\/\/ssc90.de\/web\/wp-json\/wp\/v2\/pages\/10"}],"wp:attachment":[{"href":"https:\/\/ssc90.de\/web\/wp-json\/wp\/v2\/media?parent=14"}],"curies":[{"name":"wp","href":"https:\/\/api.w.org\/{rel}","templated":true}]}}