{"id":1792,"date":"2022-02-16T10:00:11","date_gmt":"2022-02-16T09:00:11","guid":{"rendered":"https:\/\/ssc90.de\/web\/?page_id=1792"},"modified":"2026-03-27T18:20:04","modified_gmt":"2026-03-27T17:20:04","slug":"aufbau-schwimmkurs-2","status":"publish","type":"page","link":"https:\/\/ssc90.de\/web\/kursangebote\/aufbau-schwimmkurs-2\/","title":{"rendered":"Aufbau Schwimmkurs"},"content":{"rendered":"<p><span style=\"font-size: 12pt;\">Der Kurs findet w\u00e4hrend der Trainingszeit am <strong>Montag von 17:00 bis 17:45 Uhr<\/strong> im gro\u00dfen Becken statt und wird von unseren \u00dcbungsleiter*innen begleitet.\u00a0<\/span><\/p>\n<p>Der Aufbaukurs f\u00fcr <strong>Seepferdcheninhaber*innen<\/strong> dient zur Festigung des <strong>sicheren Schwimmens.\u00a0\u00a0<\/strong><\/p>\n<p><span style=\"font-size: 12pt;\">Die Kursgr\u00f6\u00dfe betr\u00e4gt 14 Teilnehmer*innen. <\/span><span style=\"font-size: 12pt;\">Die Kursgeb\u00fchr betr\u00e4gt <strong>65,00 \u20ac<\/strong> f\u00fcr 10 \u00dcbungseinheiten (45 Min.)<\/span><\/p>\n<p>Eintrittsgeb\u00fchr im Gartenhallenbad zahlen Sie vor Beginn des Kurses, es besteht die M\u00f6glichkeit erm\u00e4\u00dfigte Eintrittskarte f\u00fcr 10- oder 15-mal am Kassenautomaten zu erwerben.<\/p>\n<p><a href=\"https:\/\/www.stadtwerke-shs.de\/gartenhallenbad\/eintrittspreise.html\">Eintrittspreise Hallenbad<\/a><\/p>\n<p><strong><span style=\"font-size: 12pt;\">Der Antrag wird per Mail best\u00e4tigt und ist mit Bekanntgabe des Kursbeginns verbindlich.<\/span><\/strong><\/p>\n<p><span style=\"font-size: 12pt;\">Der Kurs ist nicht an eine Mitgliedschaft im SSC&#8217;90 gebunden. Sollte es im Anschluss zu einer Mitgliedschaft im SSC\u00b490 kommen, erhalten Sie einmalig eine Gutschrift von 25,- \u20ac auf den Mitgliedsbeitrag (Nachweis erforderlich).<\/span><\/p>\n<p>________________________________________________________________________________<\/p>\n<p><span style=\"font-size: 14pt; color: #0000ff;\"><strong>N\u00e4chster Kursstart: 13.04.2026<\/strong><\/span><\/p>\n<p>Termine: 13.04.\/ 20.04.\/ 27.04.\/ 04.05.\/ 11.05.\/ 18.05.\/ 01.06.\/ 08.06.\/ 15.06.\/ 22.06.26<\/p>\n<p><span style=\"color: #ff0000;\"><strong>Dieser Kurs ist ausgebucht!<\/strong><\/span><\/p>\n<p><span style=\"color: #339966;\"><strong>Weitere Angebote<\/strong><strong>\u00a0folgen! Sobald die Infos feststehen, finden Sie diese unmittelbar an dieser Stelle. Bitte sehen Sie von Anfragen von Ver\u00f6ffentlichungsterminen per E-Mail ab.\u00a0<\/strong><\/span><\/p>\n","protected":false},"excerpt":{"rendered":"<p>Der Kurs findet w\u00e4hrend der Trainingszeit am Montag von 17:00 bis 17:45 Uhr im gro\u00dfen Becken statt und wird von<\/p>\n","protected":false},"author":4,"featured_media":0,"parent":18,"menu_order":0,"comment_status":"closed","ping_status":"closed","template":"","meta":{"colormag_page_container_layout":"default_layout","colormag_page_sidebar_layout":"default_layout","footnotes":""},"class_list":["post-1792","page","type-page","status-publish","hentry"],"_links":{"self":[{"href":"https:\/\/ssc90.de\/web\/wp-json\/wp\/v2\/pages\/1792","targetHints":{"allow":["GET"]}}],"collection":[{"href":"https:\/\/ssc90.de\/web\/wp-json\/wp\/v2\/pages"}],"about":[{"href":"https:\/\/ssc90.de\/web\/wp-json\/wp\/v2\/types\/page"}],"author":[{"embeddable":true,"href":"https:\/\/ssc90.de\/web\/wp-json\/wp\/v2\/users\/4"}],"replies":[{"embeddable":true,"href":"https:\/\/ssc90.de\/web\/wp-json\/wp\/v2\/comments?post=1792"}],"version-history":[{"count":99,"href":"https:\/\/ssc90.de\/web\/wp-json\/wp\/v2\/pages\/1792\/revisions"}],"predecessor-version":[{"id":4082,"href":"https:\/\/ssc90.de\/web\/wp-json\/wp\/v2\/pages\/1792\/revisions\/4082"}],"up":[{"embeddable":true,"href":"https:\/\/ssc90.de\/web\/wp-json\/wp\/v2\/pages\/18"}],"wp:attachment":[{"href":"https:\/\/ssc90.de\/web\/wp-json\/wp\/v2\/media?parent=1792"}],"curies":[{"name":"wp","href":"https:\/\/api.w.org\/{rel}","templated":true}]}}