{"id":18,"date":"2016-08-31T20:30:29","date_gmt":"2016-08-31T18:30:29","guid":{"rendered":"http:\/\/ssc90.de\/web\/?page_id=18"},"modified":"2017-04-11T18:59:54","modified_gmt":"2017-04-11T16:59:54","slug":"kursangebote","status":"publish","type":"page","link":"https:\/\/ssc90.de\/web\/kursangebote\/","title":{"rendered":"Kursangebote"},"content":{"rendered":"<p><img loading=\"lazy\" decoding=\"async\" class=\"size-medium wp-image-478 alignright\" src=\"http:\/\/ssc90.de\/web\/wp-content\/uploads\/2016\/08\/water-wings-781827_1920-300x225.jpg\" alt=\"\" width=\"300\" height=\"225\" srcset=\"https:\/\/ssc90.de\/web\/wp-content\/uploads\/2016\/08\/water-wings-781827_1920-300x225.jpg 300w, https:\/\/ssc90.de\/web\/wp-content\/uploads\/2016\/08\/water-wings-781827_1920-768x576.jpg 768w, https:\/\/ssc90.de\/web\/wp-content\/uploads\/2016\/08\/water-wings-781827_1920-1024x767.jpg 1024w, https:\/\/ssc90.de\/web\/wp-content\/uploads\/2016\/08\/water-wings-781827_1920.jpg 1920w\" sizes=\"auto, (max-width: 300px) 100vw, 300px\" \/><\/p>\n<p>Der SSC90 f\u00fchrt im Gartenhallenbad in Schlo\u00df Holte-Stukenbrock verschieden Kursangebote durch. N\u00e4here Informationen dazu sind auf den entsprechenden Unterseiten zu finden.<\/p>\n","protected":false},"excerpt":{"rendered":"<p>Der SSC90 f\u00fchrt im Gartenhallenbad in Schlo\u00df Holte-Stukenbrock verschieden Kursangebote durch. N\u00e4here Informationen dazu sind auf den entsprechenden Unterseiten zu<\/p>\n","protected":false},"author":1,"featured_media":0,"parent":0,"menu_order":7,"comment_status":"closed","ping_status":"closed","template":"","meta":{"colormag_page_container_layout":"default_layout","colormag_page_sidebar_layout":"default_layout","footnotes":""},"class_list":["post-18","page","type-page","status-publish","hentry"],"_links":{"self":[{"href":"https:\/\/ssc90.de\/web\/wp-json\/wp\/v2\/pages\/18","targetHints":{"allow":["GET"]}}],"collection":[{"href":"https:\/\/ssc90.de\/web\/wp-json\/wp\/v2\/pages"}],"about":[{"href":"https:\/\/ssc90.de\/web\/wp-json\/wp\/v2\/types\/page"}],"author":[{"embeddable":true,"href":"https:\/\/ssc90.de\/web\/wp-json\/wp\/v2\/users\/1"}],"replies":[{"embeddable":true,"href":"https:\/\/ssc90.de\/web\/wp-json\/wp\/v2\/comments?post=18"}],"version-history":[{"count":3,"href":"https:\/\/ssc90.de\/web\/wp-json\/wp\/v2\/pages\/18\/revisions"}],"predecessor-version":[{"id":480,"href":"https:\/\/ssc90.de\/web\/wp-json\/wp\/v2\/pages\/18\/revisions\/480"}],"wp:attachment":[{"href":"https:\/\/ssc90.de\/web\/wp-json\/wp\/v2\/media?parent=18"}],"curies":[{"name":"wp","href":"https:\/\/api.w.org\/{rel}","templated":true}]}}