{"id":22,"date":"2016-08-31T20:32:40","date_gmt":"2016-08-31T18:32:40","guid":{"rendered":"http:\/\/ssc90.de\/web\/?page_id=22"},"modified":"2026-03-29T17:07:21","modified_gmt":"2026-03-29T15:07:21","slug":"babyschwimmen","status":"publish","type":"page","link":"https:\/\/ssc90.de\/web\/kursangebote\/babyschwimmen\/","title":{"rendered":"Babyschwimmen"},"content":{"rendered":"<p><img loading=\"lazy\" decoding=\"async\" class=\" wp-image-2843 aligncenter\" src=\"https:\/\/ssc90.de\/web\/wp-content\/uploads\/2022\/12\/Babyschwimmen-Bild-300x204.jpg\" alt=\"\" width=\"521\" height=\"354\" srcset=\"https:\/\/ssc90.de\/web\/wp-content\/uploads\/2022\/12\/Babyschwimmen-Bild-300x204.jpg 300w, https:\/\/ssc90.de\/web\/wp-content\/uploads\/2022\/12\/Babyschwimmen-Bild-1024x695.jpg 1024w, https:\/\/ssc90.de\/web\/wp-content\/uploads\/2022\/12\/Babyschwimmen-Bild-768x522.jpg 768w, https:\/\/ssc90.de\/web\/wp-content\/uploads\/2022\/12\/Babyschwimmen-Bild-1536x1043.jpg 1536w, https:\/\/ssc90.de\/web\/wp-content\/uploads\/2022\/12\/Babyschwimmen-Bild-2048x1391.jpg 2048w\" sizes=\"auto, (max-width: 521px) 100vw, 521px\" \/><\/p>\n<p>&nbsp;<\/p>\n<p style=\"text-align: center;\"><span style=\"font-size: 14pt;\"><strong>Benutzen Sie bitte nur das Anmeldeformular. <\/strong><\/span><\/p>\n<p style=\"text-align: center;\"><span style=\"font-size: 14pt;\"><strong>Eine andere Form der Anmeldung ist nicht m\u00f6glich.<\/strong><\/span><\/p>\n<hr \/>\n<p><strong><span style=\"font-size: 14pt;\">Samstags ab 8:30 Uhr gestaffelt in 30 Min.-Abschnitten, eine Wunschzeit kann nicht ber\u00fccksichtigt werden.<\/span><\/strong><\/p>\n<p><span style=\"font-size: 14pt;\"><strong>Kurse a\u2018 10 U\u0308bungseinheiten (30 Min.) &#8211; 75,00 Euro Teilnehmergebu\u0308hr<\/strong><\/span><\/p>\n<hr \/>\n<p><span style=\"text-decoration: underline;\"><span style=\"font-size: 14pt; font-family: arial, helvetica, sans-serif;\"><strong>N\u00e4chster Kursstart: 18.04.2026<\/strong><\/span><\/span><\/p>\n<p><span style=\"font-size: 14pt; font-family: arial, helvetica, sans-serif;\">Termine: 18.04.\/ 25.04.\/ 02.05.\/ 23.05.\/ 30.05.\/ 06.06.\/ 13.06.\/ 20.06.\/ 27.06.\/ 04.07.26<\/span><\/p>\n<p><span style=\"color: #ff0000;\"><strong>Dieser Kurs ist ausgebucht!<\/strong><\/span><\/p>\n<p><strong style=\"color: #339966; font-size: 14pt;\">Weitere Angebote\u00a0 <\/strong><strong style=\"color: #339966; font-size: 14pt;\">folgen! Sobald die Infos feststehen, finden Sie diese unmittelbar an dieser Stelle. Bitte sehen Sie von Anfragen von Ver\u00f6ffentlichungsterminen per E-Mail ab.<\/strong><\/p>\n<p style=\"text-align: center;\"><strong>Nach Pr\u00fcfung der freien Pl\u00e4tze erfolgt die Zusage immer per E-Mail vor Kursbeginn <\/strong><\/p>\n<p style=\"text-align: center;\"><strong>und ist dann verbindlich.<\/strong><\/p>\n<hr \/>\n<p style=\"text-align: center;\"><span style=\"color: #ff6600; font-size: 14pt;\"><strong>R\u00fcckfragen ausschlie\u00dflich unter: &#98;&#x61;b&#121;&#x73;c&#104;&#x77;i&#109;&#x6d;e&#110;&#x40;&#115;&#x73;&#x63;&#57;&#x30;&#x2e;&#100;&#x65;<\/strong><\/span><\/p>\n<p style=\"text-align: center;\"><span style=\"color: #ff6600; font-size: 14pt;\"><strong>Nur unter dieser Adresse erhalten Sie eine Antwort<\/strong><\/span><\/p>\n<hr \/>\n<p style=\"text-align: center;\"><strong><span style=\"font-size: 24pt;\">Information<\/span><\/strong><\/p>\n<p>Das Ziel ist es, die physikalischen Eigenschaften des Wassers (Druck, Widerstand, Auftrieb und W\u00e4rmeleitf\u00e4higkeit) zu nutzen, um die k\u00f6rperliche, motorische, geistige, seelische und soziale Entwicklung des Kindes zu f\u00f6rdern.<\/p>\n<p><strong>Allgemeine Ziele des Babyschwimmens sind unter anderem:<\/strong><\/p>\n<ul>\n<li>Wecken des Interesses an Spiel und Bewegung im Wasser<\/li>\n<li>F\u00f6rderung des selbst\u00e4ndigen Schwimmens mit und ohne Auftriebshilfen<\/li>\n<li>F\u00f6rderung des Umgangs mit anderen Kindern<\/li>\n<li>F\u00f6rderung des Eltern-Kind-Kontakts<\/li>\n<li>St\u00e4rkung des Immunsystems<\/li>\n<li>Verbesserung der K\u00f6rperwahrnehmung und des K\u00f6rperschemas<\/li>\n<li>Kr\u00e4ftigung der Muskulatur<\/li>\n<\/ul>\n<p><strong>Absolutes Tabu f\u00fcr das Babyschwimmen:<\/strong><\/p>\n<ul>\n<li>bei Ohrenentz\u00fcndungen<\/li>\n<li>bei Augenentz\u00fcndungen<\/li>\n<li>bei Durchfall<\/li>\n<li>bei ansteckenden Hautkrankheiten<\/li>\n<li>bei Fieber<\/li>\n<li>bei Erk\u00e4ltungskrankheiten<\/li>\n<li>nach Impfungen<\/li>\n<\/ul>\n<p><strong>Empfohlener Verzicht auf das Babyschwimmen:<\/strong><\/p>\n<ul>\n<li>Komplikationen beim Zahndurchbruch<\/li>\n<li>Nach unruhigem Schlaf in der vorangegangenen Nacht<\/li>\n<li>Bei allgemeinem Unwohlsein des Kindes<\/li>\n<li>Bei Infektionen der Bezugsperson<\/li>\n<\/ul>\n<hr \/>\n<p style=\"text-align: center;\"><span style=\"font-size: 18pt;\"><strong>Verfahrensablauf \u2013 Bedingungen:<\/strong><\/span><\/p>\n<p><span style=\"font-size: 14pt;\">Die Kurse sind f\u00fcr Babys ab 3 Monaten und f\u00fcr kleine Kinder bis einschlie\u00dflich 3 Jahre. Kinder, die bei Beginn eines Kurses 4 Jahre alt sind, werden nicht mehr ber\u00fccksichtigt.\u00a0<\/span><\/p>\n<div class=\"page\" title=\"Page 2\">\n<div class=\"layoutArea\">\n<div class=\"column\">\n<p><strong><span style=\"font-size: 14pt;\">Samstags ab 8:30 Uhr gestaffelt in 30 Min.-Abschnitten, eine Wunschzeit kann nicht ber\u00fccksichtigt werden.<\/span><\/strong><\/p>\n<p><span style=\"font-size: 14pt;\"><strong>Kurse a\u2018 10 U\u0308bungseinheiten (30 Min.) &#8211; 75 Euro Teilnehmergebu\u0308hr<\/strong><\/span><\/p>\n<p><strong>Begleitende Eltern zahlen die Hallenbad-Eintrittsgebu\u0308hr zusa\u0308tzlich nach Tagestarif an dem Kassenautomat.\u00a0<\/strong><\/p>\n<p>Es gibt erm\u00e4\u00dfigte 10ner-Karten.<\/p>\n<p><a href=\"https:\/\/www.stadtwerke-shs.de\/gartenhallenbad\/eintrittspreise.html\">Eintrittspreise Hallenbad<\/a><\/p>\n<p>Die Kurse werden im Internet f\u00fcr einen Anmeldezeitraum ver\u00f6ffentlicht. Anmeldung fu\u0308r das Babyschwimmen erfolgt ausschlie\u00dflich per Anmeldeformular aus dem Internet.<\/p>\n<div class=\"page\" title=\"Page 1\">\n<div class=\"layoutArea\">\n<div class=\"column\">\n<p>Das Anmeldeformular ist w\u00e4hrend dieser Zeit nutzbar und wird mit Erreichen der Auslastung geschlossen. Die verbindliche Zusage erfolgt per E-Mail und Sie werden \u00fcber das Kursdatum und die Zeit informiert.<\/p>\n<div class=\"page\" title=\"Page 1\">\n<div class=\"layoutArea\">\n<div class=\"column\">\n<p>Die Kursgebu\u0308hr erfolgt nach Zusage durch Lastschriftverfahren vor Kursbeginn. \u00dcberweisung und Barzahlung ist nicht m\u00f6glich.<\/p>\n<p>Mit der Zusage und Zahlung zum Kurs\u00a0verpflichten Sie sich zur Teilnahme an\u00a0dem Kurs.<\/p>\n<p>Eine Ru\u0308ckerstattung des Betrages wird ausgeschlossen, da eine Ersatzbelegung innerhalb der Ku\u0308rze nicht mo\u0308glich ist. Ebenso bei ho\u0308herer Gewalt, wie z.B. unvorhersehbare, nicht abwendbare Schlie\u00dfung des Hallenbades.<\/p>\n<p>Auch Krankheit des Teilnehmers wa\u0308hrend des Kurses, bedingt keine Anrechnung oder Teil-Ru\u0308ckforderung der Kursgebu\u0308hr.<\/p>\n<hr \/>\n<p style=\"margin: 0cm; margin-bottom: .0001pt;\"><span style=\"color: blue;\">Es besteht ein Fotografierverbot im Gartenhallenbad<\/span><\/p>\n<p style=\"margin: 0cm; margin-bottom: .0001pt;\"><span style=\"color: blue;\">Der Nassbereich darf nicht mit Stra\u00dfenschuhen betreten werden<\/span><\/p>\n<p style=\"margin: 0cm; margin-bottom: .0001pt;\"><span style=\"color: blue;\">Die allgemeinen Bestimmungen des Badbetreibers sind zu beachten.\u00a0<\/span><\/p>\n<p style=\"margin: 0cm; margin-bottom: .0001pt;\"><span style=\"color: blue;\">Informationen hierzu sind im Schaukasten den Gartenhallenbades ver\u00f6ffentlicht.<\/span><\/p>\n<hr \/>\n<p>VORBEHALTE<\/p>\n<p>Der Veranstalter beha\u0308lt sich das Recht vor, Veranstaltungen abzusagen falls ein Kurs mangels Mindestteilnehmer\/innen (10 Teilnehmer) nicht zustande kommen kann.<\/p>\n<p>Sollten sich bei einem Kurs A\u0308nderungen ergeben, werden die betroffenen Kursteilnehmer von uns benachrichtigt.<\/p>\n<p><strong>Wir belegen die Pl\u00e4tze in der Reihenfolge der Eing\u00e4nge. <\/strong><strong>Benutzen Sie bitte daher nur das aufgef\u00fchrte Anmeldeformular. <\/strong><strong>Eine andere Form der Anmeldung ist nicht m\u00f6glich.<\/strong><\/p>\n<\/div>\n<\/div>\n<\/div>\n<\/div>\n<\/div>\n<\/div>\n<\/div>\n<\/div>\n<\/div>\n<div class=\"\">\n<div><span style=\"text-decoration: underline;\"><strong>Bedenken Sie bitte, dass am Anmeldedatum der Kurs kurzfristig ausgebucht sein wird, da eine enorme Nachfrage herrscht.<\/strong><\/span> <strong>Eine Warteliste wird nicht gef\u00fchrt.<\/strong><\/div>\n<\/div>\n","protected":false},"excerpt":{"rendered":"<p>&nbsp; Benutzen Sie bitte nur das Anmeldeformular. Eine andere Form der Anmeldung ist nicht m\u00f6glich. Samstags ab 8:30 Uhr gestaffelt<\/p>\n","protected":false},"author":1,"featured_media":0,"parent":18,"menu_order":2,"comment_status":"closed","ping_status":"closed","template":"","meta":{"colormag_page_container_layout":"default_layout","colormag_page_sidebar_layout":"default_layout","footnotes":""},"class_list":["post-22","page","type-page","status-publish","hentry"],"_links":{"self":[{"href":"https:\/\/ssc90.de\/web\/wp-json\/wp\/v2\/pages\/22","targetHints":{"allow":["GET"]}}],"collection":[{"href":"https:\/\/ssc90.de\/web\/wp-json\/wp\/v2\/pages"}],"about":[{"href":"https:\/\/ssc90.de\/web\/wp-json\/wp\/v2\/types\/page"}],"author":[{"embeddable":true,"href":"https:\/\/ssc90.de\/web\/wp-json\/wp\/v2\/users\/1"}],"replies":[{"embeddable":true,"href":"https:\/\/ssc90.de\/web\/wp-json\/wp\/v2\/comments?post=22"}],"version-history":[{"count":161,"href":"https:\/\/ssc90.de\/web\/wp-json\/wp\/v2\/pages\/22\/revisions"}],"predecessor-version":[{"id":4083,"href":"https:\/\/ssc90.de\/web\/wp-json\/wp\/v2\/pages\/22\/revisions\/4083"}],"up":[{"embeddable":true,"href":"https:\/\/ssc90.de\/web\/wp-json\/wp\/v2\/pages\/18"}],"wp:attachment":[{"href":"https:\/\/ssc90.de\/web\/wp-json\/wp\/v2\/media?parent=22"}],"curies":[{"name":"wp","href":"https:\/\/api.w.org\/{rel}","templated":true}]}}