{"id":24,"date":"2016-08-31T20:33:23","date_gmt":"2016-08-31T18:33:23","guid":{"rendered":"http:\/\/ssc90.de\/web\/?page_id=24"},"modified":"2026-04-19T11:40:00","modified_gmt":"2026-04-19T09:40:00","slug":"schwimmkurse","status":"publish","type":"page","link":"https:\/\/ssc90.de\/web\/kursangebote\/schwimmkurse\/","title":{"rendered":"Schwimmkurse"},"content":{"rendered":"<p><img loading=\"lazy\" decoding=\"async\" class=\" wp-image-2007 aligncenter\" src=\"https:\/\/ssc90.de\/web\/wp-content\/uploads\/2021\/11\/Schwimmkurse-300x200.jpg\" alt=\"\" width=\"488\" height=\"325\" srcset=\"https:\/\/ssc90.de\/web\/wp-content\/uploads\/2021\/11\/Schwimmkurse-300x200.jpg 300w, https:\/\/ssc90.de\/web\/wp-content\/uploads\/2021\/11\/Schwimmkurse-1024x683.jpg 1024w, https:\/\/ssc90.de\/web\/wp-content\/uploads\/2021\/11\/Schwimmkurse-768x512.jpg 768w, https:\/\/ssc90.de\/web\/wp-content\/uploads\/2021\/11\/Schwimmkurse-1536x1024.jpg 1536w, https:\/\/ssc90.de\/web\/wp-content\/uploads\/2021\/11\/Schwimmkurse-2048x1365.jpg 2048w\" sizes=\"auto, (max-width: 488px) 100vw, 488px\" \/><\/p>\n<hr \/>\n<div style=\"text-align: center;\"><strong><span style=\"font-size: 18pt;\" data-olk-copy-source=\"MessageBody\">Wasserbew\u00e4ltigung ab 4 Jahren<\/span><\/strong><\/div>\n<div><\/div>\n<div style=\"text-align: center;\"><strong>1 Tag je Woche *=(eine U\u0308bungseinheit = 45 Minuten)\u00a0<\/strong><\/div>\n<div>\n<div class=\"page\" style=\"text-align: center;\" title=\"Page 1\">\n<div class=\"layoutArea\">\n<div class=\"column\">\n<div class=\"page\" title=\"Page 2\">\n<div class=\"layoutArea\">\n<div class=\"column\">\n<p><strong>Kurse a\u2018 11 U\u0308bungseinheiten* 95,00 Euro Teilnehmergebu\u0308hr<\/strong><\/p>\n<\/div>\n<\/div>\n<\/div>\n<\/div>\n<\/div>\n<\/div>\n<div style=\"text-align: center;\"><strong>Anmeldungen erfolgen ausschlie\u00dflich in einem ver\u00f6ffentlichen Zeitraum <\/strong><\/div>\n<div style=\"text-align: center;\"><strong>\u00fcber das Anmeldeformular. Eine Anmeldung <span style=\"text-decoration: underline;\">per E-Mail ist nicht m\u00f6glich.<\/span><\/strong><\/div>\n<\/div>\n<div>\n<ul type=\"disc\">\n<li><b>Gleiten im Wasser<\/b>\n<ul type=\"circle\">\n<li>Spielerisches Erlernen der gestreckten K\u00f6rperlage<\/li>\n<li>Vorw\u00e4rts\u2011 und R\u00fcckw\u00e4rtsgleiten mit und ohne Hilfsmittel<\/li>\n<li>Balancegef\u00fchl im Wasser entwickeln<\/li>\n<\/ul>\n<\/li>\n<li><b>Tauchen<\/b>\n<ul type=\"circle\">\n<li>Gesicht ins Wasser legen und ausatmen<\/li>\n<li>Untertauchen mit offenen Augen<\/li>\n<li>Kleine Gegenst\u00e4nde vom Beckenboden holen<\/li>\n<li>Blubbern, Ausatmen unter Wasser, Luft anhalten<\/li>\n<\/ul>\n<\/li>\n<li><b>Erste Schwimmtechniken<\/b>\n<ul type=\"circle\">\n<li>Einf\u00fchrung in Arm\u2011 und Beinbewegungen (z.\u202fB. Brust\u2011 und Kraulgrundlagen)<\/li>\n<li>Koordination von Atmung und Bewegung<\/li>\n<li>Fortbewegung mit Schwimmhilfen<\/li>\n<li>\u00dcbergang zu kurzen Strecken ohne Hilfsmittel<\/li>\n<\/ul>\n<\/li>\n<\/ul>\n<\/div>\n<div>\n<p><strong><span style=\"text-decoration: underline; font-size: 14pt; font-family: arial, helvetica, sans-serif;\"><span style=\"color: #3366ff; text-decoration: underline;\">Kurs ab dem 17.04.2026<\/span><\/span><\/strong><\/p>\n<p>WBK 1\/26 von <strong>14:30 Uhr bis 15:15 Uhr\u00a0<\/strong>im Gartenhallenbad Schlo\u00df Holte-Stukenbrock.<\/p>\n<p style=\"margin: 0cm;\"><strong><u><span style=\"font-size: 14.0pt; font-family: 'Arial',sans-serif; color: black;\">Termine:<\/span><\/u><\/strong><\/p>\n<p style=\"margin: 0cm;\">17.04.\/ 24.04.\/ 08.05.\/ 15.05.\/ 29.05.\/ 05.06.\/ 12.06.\/ 19.06.\/ 26.06.\/ 03.07.\/ 10.07.26<\/p>\n<p><strong>11 U\u0308bungseinheiten &#8211; 95,- Euro Teilnahmegebu\u0308hr<\/strong><\/p>\n<p><strong><span style=\"color: #ff0000;\">Dieser Kurs ist ausgebucht!<\/span><\/strong><\/p>\n<\/div>\n<hr \/>\n<p style=\"text-align: center;\"><span style=\"font-size: 18pt;\"><strong>Kinder Seepferdchen-Schwimmkurse ab 5 Jahren<\/strong><\/span><\/p>\n<p style=\"text-align: center;\"><strong>1 bis 3 Tage je Woche *=(eine U\u0308bungseinheit = 45 Minuten)\u00a0<\/strong><\/p>\n<p style=\"text-align: center;\">Intensivkurse evtl. in den Schul-Sommer-Ferien (Montags-Freitags) m\u00f6glich<\/p>\n<div class=\"page\" style=\"text-align: center;\" title=\"Page 1\">\n<div class=\"layoutArea\">\n<div class=\"column\">\n<div class=\"page\" title=\"Page 2\">\n<div class=\"layoutArea\">\n<div class=\"column\">\n<p><strong>Kurse a\u2018 15 U\u0308bungseinheiten* 120,00 Euro Teilnehmergebu\u0308hr<\/strong><\/p>\n<\/div>\n<\/div>\n<\/div>\n<\/div>\n<\/div>\n<\/div>\n<div style=\"text-align: center;\"><strong>Anmeldungen erfolgen ausschlie\u00dflich in einem ver\u00f6ffentlichen Zeitraum <\/strong><\/div>\n<div style=\"text-align: center;\"><strong>\u00fcber das Anmeldeformular. Eine Anmeldung <span style=\"text-decoration: underline;\">per E-Mail ist nicht m\u00f6glich.<\/span><\/strong><\/div>\n<p>&nbsp;<\/p>\n<p><strong><span style=\"text-decoration: underline; font-size: 14pt; font-family: arial, helvetica, sans-serif;\"><span style=\"color: #3366ff; text-decoration: underline;\">Schwimmkurs ab dem 20.04.2026<\/span><\/span><\/strong><\/p>\n<p>SK 5\/26 von <strong>14:30 Uhr bis 15:15 Uhr <\/strong>und SK 6\/26 von <strong>15:15 Uhr bis 16:00 Uhr <\/strong>im Gartenhallenbad Schlo\u00df Holte-Stukenbrock.<\/p>\n<p style=\"margin: 0cm;\"><strong><u><span style=\"font-size: 14.0pt; font-family: 'Arial',sans-serif; color: black;\">Termine:<\/span><\/u><\/strong><\/p>\n<p style=\"margin: 0cm;\">20.04.\/ 27.04.\/ 04.05.\/ 07.05.\/ 11.05.\/ 18.05.\/ 21.05.\/ 28.05.\/ 01.06.\/ 08.06.\/ 11.06.\/ 15.06.\/ 22.06.\/ 29.06.\/ 06.07.26<\/p>\n<p><strong>15 U\u0308bungseinheiten &#8211; 120,- Euro Teilnahmegebu\u0308hr<\/strong><\/p>\n<p><span style=\"color: #ff0000;\"><strong>Diese Kurse sind ausgebucht!\u00a0<\/strong><\/span><\/p>\n<p><span style=\"font-size: 12pt;\"><span style=\"color: #008000;\"><strong>Weitere Angebote <\/strong><\/span><span style=\"color: #008000;\"><strong>folgen! Sobald die Infos feststehen, finden Sie diese unmittelbar an dieser Stelle. Bitte sehen Sie von Anfragen von Ver\u00f6ffentlichungsterminen per E-Mail ab.\u00a0<\/strong><\/span><\/span><\/p>\n<hr \/>\n<div style=\"text-align: center;\"><strong><span style=\"font-size: 18pt;\" data-olk-copy-source=\"MessageBody\">Bronze-Schwimmkurs<\/span><\/strong><\/div>\n<div><\/div>\n<div style=\"text-align: center;\"><strong>1 Tag je Woche *=(eine U\u0308bungseinheit = 45 Minuten)\u00a0<\/strong><\/div>\n<div>\n<div class=\"page\" style=\"text-align: center;\" title=\"Page 1\">\n<div class=\"layoutArea\">\n<div class=\"column\">\n<div class=\"page\" title=\"Page 2\">\n<div class=\"layoutArea\">\n<div class=\"column\">\n<p><strong>Kurse a\u2018 11 U\u0308bungseinheiten* 95,00 Euro Teilnehmergebu\u0308hr<\/strong><\/p>\n<\/div>\n<\/div>\n<\/div>\n<\/div>\n<\/div>\n<\/div>\n<div style=\"text-align: center;\"><strong>Anmeldungen erfolgen ausschlie\u00dflich in einem ver\u00f6ffentlichen Zeitraum <\/strong><\/div>\n<div style=\"text-align: center;\"><strong>\u00fcber das Anmeldeformular. Eine Anmeldung <span style=\"text-decoration: underline;\">per E-Mail ist nicht m\u00f6glich.<\/span><\/strong><\/div>\n<\/div>\n<div><\/div>\n<div><strong>Kurzbeschreibung<\/strong><\/div>\n<div>\n<div>\n<p>Das Bronzeabzeichen best\u00e4tigt grundlegende Schwimmtechniken und sicheres Verhalten im Wasser. Es folgt meist auf das Seepferdchen und ist Grundlage f\u00fcr weitere Abzeichen.<\/p>\n<\/div>\n<div align=\"center\">\n<hr align=\"center\" size=\"2\" width=\"100%\" \/>\n<\/div>\n<p><strong>Ziel unseres Bronze-Kurses<\/strong><\/p>\n<ul type=\"disc\">\n<li>Vorbereitung auf das Deutsche Schwimmabzeichen in Bronze<\/li>\n<li>F\u00fcr Kinder mit ersten sicheren Schwimmkenntnissen<\/li>\n<li>Ausbau von Technik, Ausdauer und Wassergef\u00fchl<\/li>\n<\/ul>\n<div>\n<p><strong>Inhalte des Kurses:<\/strong><\/p>\n<\/div>\n<ul type=\"disc\">\n<li>Verbesserung von Brust-, Kraul- und R\u00fcckenschwimmen<\/li>\n<li>Training von Ausdauer und Sicherheit<\/li>\n<li>Tauch\u00fcbungen (Gegenst\u00e4nde holen)<\/li>\n<li>Springen vom Beckenrand<\/li>\n<\/ul>\n<div>\n<p><strong>Pr\u00fcfung:<\/strong><\/p>\n<\/div>\n<ul type=\"disc\">\n<li>z.\u202fB. am 21.06.2026 im Gartenhallenbad beim Schwimmabzeichentag des SSC&#8217;90 und der DLRG m\u00f6glich<\/li>\n<\/ul>\n<div>\n<p>Der Fokus liegt auf sicherem Schwimmen, Freude am Training und der Vorbereitung zur Erreichung des Abzeichens.<\/p>\n<\/div>\n<div align=\"center\">\n<hr align=\"center\" size=\"2\" width=\"100%\" \/>\n<\/div>\n<p><strong>Anforderungen f\u00fcr das Bronzeabzeichen<\/strong><\/p>\n<ul type=\"disc\">\n<li>Sprung vom Beckenrand + 15 Minuten Schwimmen<\/li>\n<\/ul>\n<ul type=\"disc\">\n<li style=\"list-style-type: none;\">\n<ul type=\"circle\">\n<li>mind. 200\u202fm insgesamt<\/li>\n<li>davon 150\u202fm in Bauch- oder R\u00fcckenlage<\/li>\n<li>50\u202fm in einer anderen Lage<\/li>\n<\/ul>\n<\/li>\n<li>Zweimal 2\u202fm Tieftauchen + Gegenstand heraufholen<\/li>\n<li>Sprung aus 1\u202fm H\u00f6he<\/li>\n<li>Kenntnis der Baderegeln<\/li>\n<\/ul>\n<\/div>\n<p><strong><span style=\"text-decoration: underline; font-size: 14pt; font-family: arial, helvetica, sans-serif;\"><span style=\"color: #3366ff; text-decoration: underline;\">Schwimmkurs ab dem 17.04.2026<\/span><\/span><\/strong><\/p>\n<p>BSK 1\/26 von <strong>15:15 Uhr bis 16:00 Uhr <\/strong>im Gartenhallenbad Schlo\u00df Holte-Stukenbrock.<\/p>\n<p style=\"margin: 0cm;\"><strong><u><span style=\"font-size: 14.0pt; font-family: 'Arial',sans-serif; color: black;\">Termine:<\/span><\/u><\/strong><\/p>\n<p style=\"margin: 0cm;\">17.04.\/ 24.04.\/ 08.05.\/ 15.05.\/ 29.05.\/ 05.06.\/ 12.06.\/ 19.06.\/ 26.06.\/ 03.07.\/ 10.07.26<\/p>\n<p><strong>11 U\u0308bungseinheiten &#8211; 95,- Euro Teilnahmegebu\u0308hr<\/strong><\/p>\n<p><strong><span style=\"color: #ff0000;\">Dieser Kurs ist ausgebucht!<\/span><\/strong><\/p>\n<p><span style=\"font-size: 12pt;\"><span style=\"color: #008000;\"><strong>Weitere Angebote <\/strong><\/span><span style=\"color: #008000;\"><strong>folgen! Sobald die Infos feststehen, finden Sie diese unmittelbar an dieser Stelle. Bitte sehen Sie von Anfragen von Ver\u00f6ffentlichungsterminen per E-Mail ab.\u00a0<\/strong><\/span><\/span><\/p>\n<div>\n<hr \/>\n<\/div>\n<div>\n<div style=\"text-align: center;\"><strong style=\"font-size: 18pt;\">Erwachsenen Schwimmkurse (Anf\u00e4ngerkurs)<\/strong><\/div>\n<div>\n<p style=\"text-align: center;\"><strong>Du kannst noch nicht schwimmen und willst es gerne lernen? <\/strong><\/p>\n<p style=\"text-align: center;\"><strong>Du kannst ein bisschen Brustschwimmen und willst die Technik verbessern? <\/strong><\/p>\n<p style=\"text-align: center;\"><strong>Dann bist Du hier richtig!<\/strong><\/p>\n<p><strong><span style=\"text-decoration: underline; font-size: 14pt; font-family: arial, helvetica, sans-serif;\"><span style=\"color: #3366ff; text-decoration: underline;\">Schwimmkurs ab dem 14.04.2026<\/span><\/span><\/strong><\/p>\n<p><strong>jeweils Dienstags, 20:00 Uhr \u2013 20:45 Uhr <\/strong>im Gartenhallenbad Schlo\u00df Holte-Stukenbrock.<\/p>\n<p><strong>10<\/strong>\u00a0<strong>\u00dcbungseinheiten mit 8 Teilnehmern \/ Preis 95,00 \u20ac + Eintritt in das Gartenhallenbad: 34,00 \u20ac<\/strong><\/p>\n<p style=\"margin: 0cm;\"><strong><u><span style=\"font-size: 14.0pt; font-family: 'Arial',sans-serif; color: black;\">Termine:<\/span><\/u><\/strong><\/p>\n<p style=\"margin: 0cm;\">14.04.\/ 21.04.\/ 28.04.\/ 05.05.\/ 12.05.\/ 19.05.\/ 02.06.\/ 09.06.\/ 16.06.\/ 23.06.2026<\/p>\n<\/div>\n<p><strong><span style=\"color: #ff0000;\">Dieser Kurs ist ausgebucht!<\/span><\/strong><\/p>\n<div>\n<p><span style=\"font-size: 12pt;\"><span style=\"color: #008000;\"><strong>Weitere Angebote<\/strong><\/span><span style=\"color: #008000;\"><strong> folgen! Sobald die Infos feststehen, finden Sie diese unmittelbar an dieser Stelle. Bitte sehen Sie von Anfragen von Ver\u00f6ffentlichungsterminen per E-Mail ab.\u00a0<\/strong><\/span><\/span><\/p>\n<\/div>\n<hr \/>\n<\/div>\n<div><\/div>\n<div style=\"text-align: center;\"><strong style=\"font-size: 18pt;\">Erwachsenen Schwimmkurs &#8211; Kraultechnik<\/strong><\/div>\n<div>\n<p style=\"text-align: center;\"><b>Du wolltest schon immer mal besser kraulen lernen?<br \/>\nDu kannst dich \u00fcber Wasser halten, aber nach 25m Kraulschwimmen geht Dir die Luft aus?<br \/>\nWir helfen Dir dies zu verbessern.<br \/>\nIn lockerer Runde mit Gleichgesinnten im Gartenhallenbad Schlo\u00df Holte Stukenbrock bieten wir dir die Gelegenheit dazu.<br \/>\nWichtig: Das Training findet im Schwimmerbecken statt, also das Seepferdchen sollte man schon einmal abgelegt haben.<\/b><\/p>\n<p><strong><span style=\"text-decoration: underline; font-size: 14pt; font-family: arial, helvetica, sans-serif;\"><span style=\"color: #3366ff; text-decoration: underline;\">Schwimmkurs ab dem 25.04.2026<\/span><\/span><\/strong><\/p>\n<p><strong>jeweils Samstags, 18:45 Uhr \u2013 19:30 Uhr <\/strong>im Gartenhallenbad Schlo\u00df Holte-Stukenbrock.<\/p>\n<p><strong>10<\/strong>\u00a0<strong>\u00dcbungseinheiten mit 8 Teilnehmern \/ Preis 95,00 \u20ac<\/strong><\/p>\n<p style=\"margin: 0cm;\"><strong><u><span style=\"font-size: 14.0pt; font-family: 'Arial',sans-serif; color: black;\">Termine:<\/span><\/u><\/strong><\/p>\n<p style=\"margin: 0cm;\">25.04.\/ 02.05.\/ 09.05.\/ 16.05.\/ 23.05.\/ 30.05.\/ 06.06.\/ 13.06.\/ 20.06.\/ 27.06.26<\/p>\n<\/div>\n<p><strong><span style=\"color: #ff0000;\">Dieser Kurs ist ausgebucht!<\/span><\/strong><\/p>\n<div>\n<p><span style=\"color: #008000;\"><strong>Weitere Angebote<\/strong><\/span><span style=\"color: #008000;\"><strong><span style=\"font-size: 12pt;\"> f\u00fcr 2026 folgen<\/span>! Sobald die Infos feststehen, finden Sie diese unmittelbar an dieser Stelle. Bitte sehen Sie von Anfragen von Ver\u00f6ffentlichungsterminen per E-Mail ab.\u00a0<\/strong><\/span><\/p>\n<\/div>\n<hr \/>\n<p style=\"text-align: center;\"><strong>Nach Pr\u00fcfung der freien Pl\u00e4tze erfolgt die Zusage immer per E-Mail vor Kursbeginn <\/strong><br \/>\n<strong>und ist dann verbindlich.<\/strong><br \/>\n<strong>Es werden ausschlie\u00dflich nach der Zeit der eingehenden Anmeldungen die Pl\u00e4tze belegt.<\/strong><\/p>\n<hr \/>\n<div class=\"\" style=\"text-align: center;\">\n<p><span style=\"color: #ff6600; font-size: 18pt;\"><strong>R\u00fcckfragen nur unter: &#x73;&#x63;&#x68;&#x77;&#x69;&#x6d;&#x6d;&#x6b;&#x75;&#x72;&#x73;&#64;&#115;&#115;&#99;&#57;&#48;&#46;de<\/strong><\/span><\/p>\n<\/div>\n<hr \/>\n<p style=\"text-align: center;\"><span style=\"font-size: 18pt;\"><strong>Information<\/strong><\/span><\/p>\n<p>Kinder werden vom Wasser magisch angezogen. Aber das Vergn\u00fcgen ist nicht ungef\u00e4hrlich. Deshalb sollten Kinder rechtzeitig schwimmen lernen.<\/p>\n<p><em>Fr\u00fch \u00fcbt sich, denn die Lust auf Wasser kennt kein Alter!<\/em><\/p>\n<p>F\u00fcr Kinder ist es wichtig, von klein auf mit dem Wasser vertraut zu werden und sich sicher zu f\u00fchlen.<\/p>\n<p>Das Ziel unserer Schwimmkurse ist es, dass die Kinder eine Strecke in tiefem Wasser schwimmend zur\u00fccklegen k\u00f6nnen. <img loading=\"lazy\" decoding=\"async\" class=\"size-medium wp-image-420 alignright\" src=\"http:\/\/ssc90.de\/web\/wp-content\/uploads\/2016\/08\/summertime-1845227_1920-300x225.jpg\" alt=\"\" width=\"300\" height=\"225\" srcset=\"https:\/\/ssc90.de\/web\/wp-content\/uploads\/2016\/08\/summertime-1845227_1920-300x225.jpg 300w, https:\/\/ssc90.de\/web\/wp-content\/uploads\/2016\/08\/summertime-1845227_1920-768x576.jpg 768w, https:\/\/ssc90.de\/web\/wp-content\/uploads\/2016\/08\/summertime-1845227_1920-1024x768.jpg 1024w, https:\/\/ssc90.de\/web\/wp-content\/uploads\/2016\/08\/summertime-1845227_1920.jpg 1920w\" sizes=\"auto, (max-width: 300px) 100vw, 300px\" \/>Wir gehen einzeln auf jedes Kind ein und f\u00f6rdern und unterst\u00fctzen es, ausgehend von seinen pers\u00f6nlichen F\u00e4higkeiten. Gerade im Wasser ist es wichtig, dass das Kind keinem Gruppendruck unterliegt, durch den es sich zu Dingen verleiten l\u00e4sst, die es \u00fcberfordern. Um das auszuschlie\u00dfen, ist es notwendig, jedes Kind gut kennenzulernen und mit ihm individuell zu arbeiten. Gleichzeitig beinhaltet jede Kursstunde Spiele und \u00dcbungen, die die ganze Gruppe zusammen ausf\u00fchrt. Das f\u00f6rdert die Gruppendynamik, das Zugeh\u00f6rigkeitsgef\u00fchl, den Spa\u00df und die Freude.<\/p>\n<p>Wenn es ums Tauchen, Reinspringen, und Streckenschwimmen geht, holen wir jedes Kind dort ab, wo es steht und messen seine Entwicklung am individuellen Leistungsstand. Auch in anderen Lebenssituationen (zum Beispiel im Verkehr oder beim Umgang mit anderen Menschen) m\u00f6chten wir, dass das Kind seine Grenzen einh\u00e4lt und sich richtig einzusch\u00e4tzen wei\u00df, anstatt sich zu \u00fcberfordern und zum \u201eMitmacher\u201d zu werden. Das Kind soll den n\u00e4chsten Schritt erst dann tun, wenn es die daf\u00fcr n\u00f6tigen F\u00e4higkeiten, den Mut und das Selbstbewusstsein entwickelt hat.<\/p>\n<p><span style=\"font-size: 12pt;\"><a href=\"https:\/\/ssc90.de\/web\/wp-content\/uploads\/2023\/12\/Baderegeln.pdf\" class=\"mtli_attachment mtli_pdf\">Baderegeln<\/a><\/span><\/p>\n<hr \/>\n<p style=\"text-align: center;\"><span style=\"font-size: 18pt;\"><strong>Verfahrensablauf \u2013 Bedingungen:<\/strong><\/span><\/p>\n<div class=\"page\" title=\"Page 1\">\n<div class=\"layoutArea\">\n<div class=\"column\">\n<div>\n<div class=\"page\" title=\"Page 2\">\n<div class=\"layoutArea\">\n<div class=\"column\">\n<p>Bei den Schwimmkursen ist der Hallenbadeintritt unter 4 Jahren frei. <strong>Kinder ab 4 Jahre, sowie begleitende Eltern, soweit sie ins Wasser gehen, haben zus\u00e4tzlich die Eintrittsgebu\u0308hr zu entrichten.<\/strong><\/p>\n<\/div>\n<\/div>\n<\/div>\n<\/div>\n<div><a href=\"https:\/\/www.stadtwerke-shs.de\/gartenhallenbad\/eintrittspreise.html\">Eintrittspreise (Hallenbad)<\/a><\/div>\n<div><\/div>\n<div>Anmeldungen erfolgen ausschlie\u00dflich in einem ver\u00f6ffentlichen Zeitraum \u00fcber das Anmeldeformular. Das Formular wird nur in diesem Zeitraum freigeschaltet. <strong>Die Pl\u00e4tze\u00a0<\/strong><strong>werden ausschlie\u00dflich nach der Zeit der eingehenden Anmeldungen belegt. <\/strong><strong>Es wird keine Warteliste gef\u00fchrt.<\/strong><\/div>\n<p>Die Zusage erfolgt immer per E-Mail vor Kursbeginn und ist dann verbindlich.<\/p>\n<p>Die Kursgebu\u0308hr wird durch Lastschriftverfahren vor Kursbeginn abgebucht. \u00dcberweisung und Barzahlung ist ausgeschlossen.<\/p>\n<p>Mit der Zusage und Zahlung zum Kurs verpflichten Sie sich zur Teilnahme an dem Kurs. Eine Ru\u0308ckerstattung des Betrages erfolgt nicht, da eine Ersatzbelegung innerhalb der Ku\u0308rze nicht mo\u0308glich ist. Ebenso bei ho\u0308herer Gewalt, wie z.B. unvorhersehbare, nicht abwendbare Schlie\u00dfung des Hallenbades. Auch Krankheit des Teilnehmers wa\u0308hrend des Kurses, bedingt keine Anrechnung oder Ru\u0308ckforderung der Kursgebu\u0308hr.<\/p>\n<hr \/>\n<p style=\"margin: 0cm; margin-bottom: .0001pt;\"><span style=\"color: blue;\">Es besteht ein Fotografierverbot im Gartenhallenbad<\/span><\/p>\n<p style=\"margin: 0cm; margin-bottom: .0001pt;\"><span style=\"color: blue;\">Der Nassbereich darf nicht mit Stra\u00dfenschuhen betreten werden<\/span><\/p>\n<p style=\"margin: 0cm; margin-bottom: .0001pt;\"><span style=\"color: blue;\">Die allgemeinen Bestimmungen des Badbetreibers sind zu beachten.\u00a0<\/span><\/p>\n<p style=\"margin: 0cm; margin-bottom: .0001pt;\"><span style=\"color: blue;\">Informationen hierzu sind im Schaukasten den Gartenhallenbades ver\u00f6ffentlicht.<\/span><\/p>\n<hr \/>\n<p>VORBEHALTE<\/p>\n<p>Der Veranstalter beha\u0308lt sich das Recht vor, Veranstaltungen abzusagen falls ein Kurs mangels Teilnehmer\/innen nicht zustande kommen kann. Sollten sich bei einem Kurs A\u0308nderungen ergeben, werden die betroffenen Kursteilnehmer von uns per Mail benachrichtigt.<\/p>\n<\/div>\n<\/div>\n<\/div>\n<div class=\"\" style=\"text-align: center;\">\n<hr \/>\n<\/div>\n","protected":false},"excerpt":{"rendered":"<p>Wasserbew\u00e4ltigung ab 4 Jahren 1 Tag je Woche *=(eine U\u0308bungseinheit = 45 Minuten)\u00a0 Kurse a\u2018 11 U\u0308bungseinheiten* 95,00 Euro Teilnehmergebu\u0308hr<\/p>\n","protected":false},"author":1,"featured_media":0,"parent":18,"menu_order":3,"comment_status":"closed","ping_status":"closed","template":"","meta":{"colormag_page_container_layout":"default_layout","colormag_page_sidebar_layout":"default_layout","footnotes":""},"class_list":["post-24","page","type-page","status-publish","hentry"],"_links":{"self":[{"href":"https:\/\/ssc90.de\/web\/wp-json\/wp\/v2\/pages\/24","targetHints":{"allow":["GET"]}}],"collection":[{"href":"https:\/\/ssc90.de\/web\/wp-json\/wp\/v2\/pages"}],"about":[{"href":"https:\/\/ssc90.de\/web\/wp-json\/wp\/v2\/types\/page"}],"author":[{"embeddable":true,"href":"https:\/\/ssc90.de\/web\/wp-json\/wp\/v2\/users\/1"}],"replies":[{"embeddable":true,"href":"https:\/\/ssc90.de\/web\/wp-json\/wp\/v2\/comments?post=24"}],"version-history":[{"count":411,"href":"https:\/\/ssc90.de\/web\/wp-json\/wp\/v2\/pages\/24\/revisions"}],"predecessor-version":[{"id":4094,"href":"https:\/\/ssc90.de\/web\/wp-json\/wp\/v2\/pages\/24\/revisions\/4094"}],"up":[{"embeddable":true,"href":"https:\/\/ssc90.de\/web\/wp-json\/wp\/v2\/pages\/18"}],"wp:attachment":[{"href":"https:\/\/ssc90.de\/web\/wp-json\/wp\/v2\/media?parent=24"}],"curies":[{"name":"wp","href":"https:\/\/api.w.org\/{rel}","templated":true}]}}