{"id":276,"date":"2017-02-21T08:50:28","date_gmt":"2017-02-21T07:50:28","guid":{"rendered":"http:\/\/ssc90.de\/web\/?page_id=276"},"modified":"2025-07-05T20:45:58","modified_gmt":"2025-07-05T18:45:58","slug":"trainingszeiten","status":"publish","type":"page","link":"https:\/\/ssc90.de\/web\/schwimmen-allgemeines\/training\/trainingszeiten\/","title":{"rendered":"Trainingszeiten"},"content":{"rendered":"<ul>\n<li><strong>\u00a0Zu jedem Training ist der aktuelle Mitgliedsausweis mitzubringen, ohne diesen ist kein Einlass ins Bad m\u00f6glich!<\/strong><\/li>\n<li><b>Treffen ist immer 15 Minuten vor Trainingsbeginn vor dem Bad<\/b><\/li>\n<li><strong>Die Teilnahme am Training ist nur in Badekleidung m\u00f6glich, f\u00fcr Jungs ist das Tragen einer Badehose und f\u00fcr M\u00e4dchen ein Badeanzug oder Bikini mit Unter- und Oberteil Pflicht<\/strong><\/li>\n<\/ul>\n<p><strong><span style=\"font-size: 18pt;\">Wassereinheiten\u00a0<\/span><\/strong><\/p>\n<table style=\"border-collapse: collapse; width: 99.7833%; height: 645px;\">\n<tbody>\n<tr style=\"height: 24px;\">\n<td style=\"width: 20.5361%; height: 24px;\">Trainingsgruppe<\/td>\n<td style=\"width: 9.16975%; height: 24px;\">Alter<\/td>\n<td style=\"width: 23.4382%; height: 24px;\">Trainer<\/td>\n<td style=\"width: 19.3268%; height: 24px;\">Trainingszeiten<\/td>\n<\/tr>\n<tr style=\"height: 24px;\">\n<td style=\"width: 20.5361%; height: 24px;\"><\/td>\n<td style=\"width: 9.16975%; height: 24px;\"><\/td>\n<td style=\"width: 23.4382%; height: 24px;\"><\/td>\n<td style=\"width: 19.3268%; height: 24px;\"><\/td>\n<\/tr>\n<tr style=\"height: 27px;\">\n<td style=\"width: 20.5361%; height: 27px;\">Kinderschwimmen 1 (vordere Bahn)<\/td>\n<td style=\"width: 9.16975%; height: 27px;\">5 bis 6<\/td>\n<td style=\"width: 23.4382%; height: 27px;\">Rika Schneider, Clara Rodehutskors<\/td>\n<td style=\"width: 19.3268%; height: 27px;\">Mo: 17:45- 18:30<\/td>\n<\/tr>\n<tr style=\"height: 27px;\">\n<td style=\"width: 20.5361%; height: 27px;\">Kinderschwimmen 2 (hintere Bahn)<\/td>\n<td style=\"width: 9.16975%; height: 27px;\">5 bis 6<\/td>\n<td style=\"width: 23.4382%; height: 27px;\">Charleen Marthiensen<\/td>\n<td style=\"width: 19.3268%; height: 27px;\">Mo: 17:45- 18:30<\/td>\n<\/tr>\n<tr style=\"height: 27px;\">\n<td style=\"width: 20.5361%; height: 27px;\">Kinderschwimmen 3 (vordere Bahn)<\/td>\n<td style=\"width: 9.16975%; height: 27px;\">5 bis 6<\/td>\n<td style=\"width: 23.4382%; height: 27px;\">Anna B\u00f6rgerding, Larissa deVlaming, Jule de Vlaming<\/td>\n<td style=\"width: 19.3268%; height: 27px;\">Do: 18:45- 19:30<\/td>\n<\/tr>\n<tr style=\"height: 27px;\">\n<td style=\"width: 20.5361%; height: 27px;\">Kinderschwimmen 4 (hintere Bahn)<\/td>\n<td style=\"width: 9.16975%; height: 27px;\">5 bis 6<\/td>\n<td style=\"width: 23.4382%; height: 27px;\">Charleen Marthiensen<\/td>\n<td style=\"width: 19.3268%; height: 27px;\">Do: 18:45- 19:30<\/td>\n<\/tr>\n<tr style=\"height: 27px;\">\n<td style=\"width: 20.5361%; height: 27px;\">Kinderschwimmen 5 (vordere Bahn)<\/td>\n<td style=\"width: 9.16975%; height: 27px;\">5 bis 6<\/td>\n<td style=\"width: 23.4382%; height: 27px;\">Charleen Marthiensen<\/td>\n<td style=\"width: 19.3268%; height: 27px;\">Do: 19:30- 20:15<\/td>\n<\/tr>\n<tr style=\"height: 27px;\">\n<td style=\"width: 20.5361%; height: 27px;\">Kinderschwimmen 6 (hintere Bahn)<\/td>\n<td style=\"width: 9.16975%; height: 27px;\">5 bis 6<\/td>\n<td style=\"width: 23.4382%; height: 27px;\">Charleen Marthiensen<\/td>\n<td style=\"width: 19.3268%; height: 27px;\">Do: 19:30- 20:15<\/td>\n<\/tr>\n<tr style=\"height: 27px;\">\n<td style=\"width: 20.5361%; height: 27px;\"><\/td>\n<td style=\"width: 9.16975%; height: 27px;\"><\/td>\n<td style=\"width: 23.4382%; height: 27px;\"><\/td>\n<td style=\"width: 19.3268%; height: 27px;\"><\/td>\n<\/tr>\n<tr style=\"height: 24px;\">\n<td style=\"width: 20.5361%; height: 24px;\">Nachwuchs 3<\/td>\n<td style=\"width: 9.16975%; height: 24px;\">6 bis 7<\/td>\n<td style=\"width: 23.4382%; height: 24px;\">Marcel Weber<br \/>\nFinja Berning (Praktikantin)<br \/>\nNeele Berning (Praktikantin)<\/td>\n<td style=\"width: 19.3268%; height: 24px;\">Mo: 17:45- 18:30<\/p>\n<p>Do: 18:45- 20:15<\/td>\n<\/tr>\n<tr style=\"height: 24px;\">\n<td style=\"width: 20.5361%; height: 24px;\">Nachwuchs 2<\/td>\n<td style=\"width: 9.16975%; height: 24px;\">7 bis 8<\/td>\n<td style=\"width: 23.4382%; height: 24px;\">Marcel Weber<br \/>\nFinja Berning (Praktikantin)<br \/>\nNeele Berning (Praktikantin)<\/td>\n<td style=\"width: 19.3268%; height: 24px;\">Mo: 18:30- 19:15<\/p>\n<p>Do: 18:45- 20:15<\/td>\n<\/tr>\n<tr style=\"height: 24px;\">\n<td style=\"width: 20.5361%; height: 24px;\">Nachwuchs 1<\/td>\n<td style=\"width: 9.16975%; height: 24px;\">8 bis 9<\/td>\n<td style=\"width: 23.4382%; height: 24px;\">Detlef P\u00e4hler<\/p>\n<p>Joy Kartal<\/td>\n<td style=\"width: 19.3268%; height: 24px;\">Mo: 17:45- 18:30<\/p>\n<p>Do: 18:45- 20:15<\/td>\n<\/tr>\n<tr style=\"height: 24px;\">\n<td style=\"width: 20.5361%; height: 24px;\">Nachwuchs Leistungssport<\/td>\n<td style=\"width: 9.16975%; height: 24px;\">9 bis 10<\/td>\n<td style=\"width: 23.4382%; height: 24px;\">Rika Schneider<\/td>\n<td style=\"width: 19.3268%; height: 24px;\">Mo: 18:30- 19:15<br \/>\nDo: 20:15- 21:45<\/td>\n<\/tr>\n<tr style=\"height: 24px;\">\n<td style=\"width: 72.4708%; height: 24px; text-align: center;\" colspan=\"4\">\u00a0Zus\u00e4tzlich findet Mittwochs von 19:45-20:45 ein Training f\u00fcr Nachwuchs 1 und Nachwuchs Leistungssport statt. Die Einteilung dieser Einheit erfolgt durch die Trainer!<\/td>\n<\/tr>\n<tr style=\"height: 24px;\">\n<td style=\"width: 20.5361%; height: 24px;\"><\/td>\n<td style=\"width: 9.16975%; height: 24px;\"><\/td>\n<td style=\"width: 23.4382%; height: 24px;\"><\/td>\n<td style=\"width: 19.3268%; height: 24px;\"><\/td>\n<\/tr>\n<tr style=\"height: 48px;\">\n<td style=\"width: 20.5361%; height: 48px;\">Leistungssport<\/td>\n<td style=\"width: 9.16975%; height: 48px;\">ab 10<\/td>\n<td style=\"width: 23.4382%; height: 48px;\">Christian H\u00f6fer<\/td>\n<td style=\"width: 19.3268%; height: 48px;\">Mo: 17:45- 19:15<br \/>\nDi: 20:00- 21:45<br \/>\nMi: 19:45- 20:45<br \/>\nDo: 20:15- 21:45<\/td>\n<\/tr>\n<tr style=\"height: 24px;\">\n<td style=\"width: 20.5361%; height: 24px;\"><\/td>\n<td style=\"width: 9.16975%; height: 24px;\"><\/td>\n<td style=\"width: 23.4382%; height: 24px;\"><\/td>\n<td style=\"width: 19.3268%; height: 24px;\"><\/td>\n<\/tr>\n<tr style=\"height: 24px;\">\n<td style=\"width: 20.5361%; height: 24px;\">Breitensport 1: Kinder- und Jugendschwimmen<\/td>\n<td style=\"width: 9.16975%; height: 24px;\">8 bis 9<\/td>\n<td style=\"width: 23.4382%; height: 24px;\">Ivonne Michels<\/td>\n<td style=\"width: 19.3268%; height: 24px;\">Mo: 17:45- 18:30<\/td>\n<\/tr>\n<tr style=\"height: 24px;\">\n<td style=\"width: 20.5361%; height: 24px;\">Breitensport 2: Kinder- und Jugendschwimmen<\/td>\n<td style=\"width: 9.16975%; height: 24px;\">10 bis 11<\/td>\n<td style=\"width: 23.4382%; height: 24px;\">Ivonne Michels<\/td>\n<td style=\"width: 19.3268%; height: 24px;\">Mo: 18:30- 19:15<\/td>\n<\/tr>\n<tr style=\"height: 24px;\">\n<td style=\"width: 20.5361%; height: 10px;\">Breitensport 3:\u00a0Kinder- und Jugendschwimmen<\/td>\n<td style=\"width: 9.16975%; height: 10px;\">12 bis 13<\/td>\n<td style=\"width: 23.4382%; height: 10px;\">Charlotte Hanh\u00f6rster<\/td>\n<td style=\"width: 19.3268%; height: 10px;\">Mi: 19:45- 20:45<\/td>\n<\/tr>\n<tr style=\"height: 48px;\">\n<td style=\"width: 20.5361%; height: 48px;\">Breitensport 4:\u00a0Kinder- und Jugendschwimmen<\/td>\n<td style=\"width: 9.16975%; height: 48px;\">14 bis 15<\/td>\n<td style=\"width: 23.4382%; height: 48px;\">Charlotte Hanh\u00f6rster<\/td>\n<td style=\"width: 19.3268%; height: 48px;\">Do: 18:45- 19:30<\/td>\n<\/tr>\n<tr style=\"height: 38px;\">\n<td style=\"width: 20.5361%; height: 38px;\" colspan=\"4\"><strong>Masterssport\/Erwachsenenschwimmen<\/strong><\/td>\n<\/tr>\n<tr style=\"height: 24px;\">\n<td style=\"width: 20.5361%; height: 24px;\">Mastersgruppe Breitensport<\/td>\n<td style=\"width: 9.16975%; height: 24px;\">ab 16<\/td>\n<td style=\"width: 23.4382%; height: 24px;\">Armin F\u00f6rster<\/td>\n<td style=\"width: 19.3268%; height: 24px;\">Di: 20:00-20:45<br \/>\nDo: 20:15- 21:15<\/td>\n<\/tr>\n<tr style=\"height: 24px;\">\n<td style=\"width: 20.5361%; height: 24px;\">Mastersgruppe Leistungs-\/Wettkampfsport<\/td>\n<td style=\"width: 9.16975%; height: 24px;\">ab 16<\/td>\n<td style=\"width: 23.4382%; height: 24px;\">Armin F\u00f6rster<\/td>\n<td style=\"width: 19.3268%; height: 24px;\">Di: 20:00- 21:45<br \/>\nDo: 20:15- 21:45<\/td>\n<\/tr>\n<\/tbody>\n<\/table>\n<p>&nbsp;<\/p>\n<p><strong><span style=\"font-size: 18pt;\">Trockentraining:<\/span><\/strong><\/p>\n<p>Das Trockentraining der Leistungssport Gruppe findet Mittwochs von 18:00 bis 19:15 in der Turnhalle neben dem Hallenbad statt.<\/p>\n<p><span style=\"color: #ff0000;\">Beachtet bitte, dass die Trainingszeiten regelm\u00e4\u00dfig aktualisiert werden! Achtet bitte ebenfalls auf die E-Mails des Vorstandes, Posts auf Facebook, Instagram und Informationen auf dieser Seite!<\/span><\/p>\n<p>&nbsp;<\/p>\n<p><strong>Aufsichtspflicht:<\/strong><\/p>\n<p>Nach den gesetzlichen Vorgaben geht die Aufsichtspflicht auf die\/den jeweiligen U\u0308bungsleiter:in u\u0308ber. Dieser Pflicht gehen wir gerne nach. Bitte haben Sie Versta\u0308ndnis dafu\u0308r, dass wir diese jedoch nur wa\u0308hrend den Trainingszeiten gewa\u0308hrleisten ko\u0308nnen.<\/p>\n<p>Die Trainingszeit und unsere Aufsichtspflicht beginnt mit dem Passieren der Schranke im Hallenbad, bzw. an der Eingangst\u00fcr der Sporthalle. Die Trainingszeit, wie auch unsere Aufsichtspflicht endet wiederum mit passieren der Schranke im Hallenbad, bzw. an der Eingangst\u00fcr der Sporthalle. Eine Aufsicht durch Eltern ist im Umkleidebereich somit nicht no\u0308tig.<\/p>\n<p>Bitte nehmen Sie ihre Kinder nach dem Training an der T\u00fcr vom Hallenbad, bzw. an der Eingangst\u00fcr der Sporthalle in Empfang.<\/p>\n<p>&nbsp;<\/p>\n<p><span style=\"color: #ff0000;\"><strong>Die Vereinsmitgliedschaft berechtigt nur zur Teilnahme am Vereinsgeschehen.<\/strong><\/span><br \/>\n<span style=\"color: #ff0000;\"><strong>Nutzung als Vereinsmitglied der Sportst\u00e4tten au\u00dferhalb der Trainingszeit ist nicht erlaubt, nicht versichert und unterliegt auch nicht der Aufsichtspflicht des Vereins.<\/strong><\/span><br \/>\n<span style=\"color: #ff0000;\"><strong>Eintrittsgeb\u00fchren nach Trainingsende m\u00fcssen von dem Nutzer selbstverst\u00e4ndlich dann gezahlt werden, die Aufsichtspflicht geht automatisch an die Eltern des Kindes \u00fcber.<\/strong> <\/span><\/p>\n<p><strong style=\"font-size: 10pt;\"><br \/>\nStand 12\/2024<\/strong><\/p>\n<p><a href=\"https:\/\/ssc90.de\/web\/anmeldung\/\">Hier geht es zu den weiteren Infos f\u00fcr Neumitglieder<\/a><\/p>\n","protected":false},"excerpt":{"rendered":"<p>\u00a0Zu jedem Training ist der aktuelle Mitgliedsausweis mitzubringen, ohne diesen ist kein Einlass ins Bad m\u00f6glich! Treffen ist immer 15<\/p>\n","protected":false},"author":1,"featured_media":0,"parent":12,"menu_order":1,"comment_status":"closed","ping_status":"closed","template":"","meta":{"colormag_page_container_layout":"default_layout","colormag_page_sidebar_layout":"default_layout","footnotes":""},"class_list":["post-276","page","type-page","status-publish","hentry"],"_links":{"self":[{"href":"https:\/\/ssc90.de\/web\/wp-json\/wp\/v2\/pages\/276","targetHints":{"allow":["GET"]}}],"collection":[{"href":"https:\/\/ssc90.de\/web\/wp-json\/wp\/v2\/pages"}],"about":[{"href":"https:\/\/ssc90.de\/web\/wp-json\/wp\/v2\/types\/page"}],"author":[{"embeddable":true,"href":"https:\/\/ssc90.de\/web\/wp-json\/wp\/v2\/users\/1"}],"replies":[{"embeddable":true,"href":"https:\/\/ssc90.de\/web\/wp-json\/wp\/v2\/comments?post=276"}],"version-history":[{"count":85,"href":"https:\/\/ssc90.de\/web\/wp-json\/wp\/v2\/pages\/276\/revisions"}],"predecessor-version":[{"id":3831,"href":"https:\/\/ssc90.de\/web\/wp-json\/wp\/v2\/pages\/276\/revisions\/3831"}],"up":[{"embeddable":true,"href":"https:\/\/ssc90.de\/web\/wp-json\/wp\/v2\/pages\/12"}],"wp:attachment":[{"href":"https:\/\/ssc90.de\/web\/wp-json\/wp\/v2\/media?parent=276"}],"curies":[{"name":"wp","href":"https:\/\/api.w.org\/{rel}","templated":true}]}}