{"id":280,"date":"2017-02-21T09:01:47","date_gmt":"2017-02-21T08:01:47","guid":{"rendered":"http:\/\/ssc90.de\/web\/?page_id=280"},"modified":"2025-10-11T21:55:29","modified_gmt":"2025-10-11T19:55:29","slug":"jugendarbeit","status":"publish","type":"page","link":"https:\/\/ssc90.de\/web\/jugendarbeit\/","title":{"rendered":"Jugendarbeit"},"content":{"rendered":"<p>F\u00fcr Fragen, Anregung und W\u00fcnsche zum Thema Jugendarbeit stehen dir unsere Jugenwarte gerne zur Verf\u00fcgung. Schreib uns eine Mail oder sprich uns beim Training an.<\/p>\n<table style=\"height: 300px; width: 100%;\">\n<tbody>\n<tr>\n<td style=\"width: 22.4139%;\"><img loading=\"lazy\" decoding=\"async\" class=\"alignnone size-medium wp-image-3794\" src=\"https:\/\/ssc90.de\/web\/wp-content\/uploads\/2025\/05\/CM-300x294.jpg\" alt=\"\" width=\"300\" height=\"294\" srcset=\"https:\/\/ssc90.de\/web\/wp-content\/uploads\/2025\/05\/CM-300x294.jpg 300w, https:\/\/ssc90.de\/web\/wp-content\/uploads\/2025\/05\/CM-1024x1004.jpg 1024w, https:\/\/ssc90.de\/web\/wp-content\/uploads\/2025\/05\/CM-768x753.jpg 768w, https:\/\/ssc90.de\/web\/wp-content\/uploads\/2025\/05\/CM-1536x1506.jpg 1536w, https:\/\/ssc90.de\/web\/wp-content\/uploads\/2025\/05\/CM.jpg 1672w\" sizes=\"auto, (max-width: 300px) 100vw, 300px\" \/><\/td>\n<td style=\"width: 65.5861%; vertical-align: top;\"><strong>Charleen Marthiensen<\/strong><\/p>\n<p>Jugenwartin<\/p>\n<p>Mail: <a href=\"&#x6d;&#x61;&#x69;&#x6c;&#x74;&#x6f;&#x3a;&#x63;&#x68;&#x61;&#x72;&#x6c;&#x65;&#x65;&#x6e;&#x2e;&#x6d;&#x61;&#x72;&#x74;&#x68;&#x69;&#x65;&#x6e;&#x73;&#x65;&#x6e;&#x40;&#x73;&#x73;&#x63;&#x39;&#x30;&#x2e;&#x64;&#x65;\">&#x63;&#x68;&#97;r&#x6c;&#x65;&#101;n&#46;&#x6d;&#x61;&#114;t&#x68;&#x69;&#101;&#110;s&#x65;&#x6e;&#64;s&#x73;&#x63;&#57;&#48;&#46;&#x64;&#x65;<\/a><\/td>\n<\/tr>\n<tr>\n<td style=\"width: 22.4139%;\"><img loading=\"lazy\" decoding=\"async\" class=\"alignnone size-medium wp-image-3793\" src=\"https:\/\/ssc90.de\/web\/wp-content\/uploads\/2025\/05\/JH-287x300.jpg\" alt=\"\" width=\"287\" height=\"300\" srcset=\"https:\/\/ssc90.de\/web\/wp-content\/uploads\/2025\/05\/JH-287x300.jpg 287w, https:\/\/ssc90.de\/web\/wp-content\/uploads\/2025\/05\/JH-979x1024.jpg 979w, https:\/\/ssc90.de\/web\/wp-content\/uploads\/2025\/05\/JH-768x804.jpg 768w, https:\/\/ssc90.de\/web\/wp-content\/uploads\/2025\/05\/JH-1468x1536.jpg 1468w, https:\/\/ssc90.de\/web\/wp-content\/uploads\/2025\/05\/JH.jpg 1903w\" sizes=\"auto, (max-width: 287px) 100vw, 287px\" \/><\/td>\n<td style=\"width: 65.5861%; vertical-align: top;\"><strong>Julian Haase<\/strong><\/p>\n<p>Jugend<\/p>\n<p>Mail: <a href=\"&#109;&#x61;i&#108;&#x74;o&#58;&#x6a;u&#x6c;&#x69;&#97;&#x6e;&#46;&#104;&#x61;a&#115;&#x65;&#64;&#x73;&#x73;&#99;&#x39;&#x30;&#46;&#x64;e\">&#106;&#x75;&#x6c;i&#97;&#x6e;&#x2e;h&#97;&#x61;s&#101;&#x40;&#x73;s&#99;&#x39;0&#46;&#x64;&#x65;<\/a><\/td>\n<\/tr>\n<tr>\n<td style=\"width: 22.4139%;\"><\/td>\n<td style=\"width: 65.5861%; vertical-align: top;\"><strong>Svenja Pietrowiak<\/strong><\/p>\n<p>Jugend<\/p>\n<p>Mail: <a href=\"&#109;&#x61;&#105;&#x6c;t&#111;&#x3a;&#115;&#x76;e&#x6e;j&#97;&#x2e;&#112;&#x69;e&#x74;&#x72;&#111;&#x77;i&#x61;k&#64;&#x73;&#115;&#x63;9&#x30;&#46;&#100;&#x65;\">&#115;&#x76;&#101;&#x6e;&#106;&#x61;&#46;&#x70;&#105;&#x65;&#116;&#x72;&#111;&#x77;&#105;&#x61;&#107;&#x40;&#115;&#x73;&#99;&#x39;&#48;&#x2e;&#100;&#x65; <\/a><\/td>\n<\/tr>\n<\/tbody>\n<\/table>\n","protected":false},"excerpt":{"rendered":"<p>F\u00fcr Fragen, Anregung und W\u00fcnsche zum Thema Jugendarbeit stehen dir unsere Jugenwarte gerne zur Verf\u00fcgung. Schreib uns eine Mail oder<\/p>\n","protected":false},"author":1,"featured_media":0,"parent":0,"menu_order":5,"comment_status":"closed","ping_status":"closed","template":"","meta":{"colormag_page_container_layout":"default_layout","colormag_page_sidebar_layout":"default_layout","footnotes":""},"class_list":["post-280","page","type-page","status-publish","hentry"],"_links":{"self":[{"href":"https:\/\/ssc90.de\/web\/wp-json\/wp\/v2\/pages\/280","targetHints":{"allow":["GET"]}}],"collection":[{"href":"https:\/\/ssc90.de\/web\/wp-json\/wp\/v2\/pages"}],"about":[{"href":"https:\/\/ssc90.de\/web\/wp-json\/wp\/v2\/types\/page"}],"author":[{"embeddable":true,"href":"https:\/\/ssc90.de\/web\/wp-json\/wp\/v2\/users\/1"}],"replies":[{"embeddable":true,"href":"https:\/\/ssc90.de\/web\/wp-json\/wp\/v2\/comments?post=280"}],"version-history":[{"count":20,"href":"https:\/\/ssc90.de\/web\/wp-json\/wp\/v2\/pages\/280\/revisions"}],"predecessor-version":[{"id":3944,"href":"https:\/\/ssc90.de\/web\/wp-json\/wp\/v2\/pages\/280\/revisions\/3944"}],"wp:attachment":[{"href":"https:\/\/ssc90.de\/web\/wp-json\/wp\/v2\/media?parent=280"}],"curies":[{"name":"wp","href":"https:\/\/api.w.org\/{rel}","templated":true}]}}