{"id":33,"date":"2016-08-31T20:35:48","date_gmt":"2016-08-31T18:35:48","guid":{"rendered":"http:\/\/ssc90.de\/web\/?page_id=33"},"modified":"2025-11-18T18:15:28","modified_gmt":"2025-11-18T17:15:28","slug":"impressum","status":"publish","type":"page","link":"https:\/\/ssc90.de\/web\/impressum\/","title":{"rendered":"Impressum und Datenschutz"},"content":{"rendered":"<p><strong>SSC&#8217;90 Schlo\u00df Holte-Stukenbrock e.V.<\/strong><\/p>\n<p>Postfach 1261<br \/>\n33749 Schlo\u00df Holte-Stukenbrock<\/p>\n<p>Telefon: 016097056214<\/p>\n<p>Mail: <a href=\"&#109;&#97;&#x69;l&#116;&#x6f;&#x3a;i&#110;&#x66;&#x6f;&#64;&#115;&#x73;c&#57;&#x30;&#x2e;d&#101;\">&#118;&#x65;r&#119;&#x61;&#108;&#x74;u&#110;&#x67;&#64;&#x73;&#x73;&#99;&#x39;0&#46;&#x64;e<\/a><\/p>\n<p>Registergericht: Amtsgericht Bielefeld<br \/>\nRegisternummer: 20 VR 2665<br \/>\nSteuernummer: 349 \/ 5990 \/ 1745<\/p>\n<p><strong>1. Vorsitzender:<br \/>\nAndre Berning<\/strong><br \/>\n<strong><br \/>\nStellvertreterinnen:<br \/>\nNicole Haase<br \/>\nRika Kl\u00e4sener<\/strong><\/p>\n<p><strong>Gesch\u00e4ftsf\u00fchrer: Andr\u00e9 Berning<\/strong><\/p>\n<p><strong>1. Inhalt des Onlineangebotes<br \/>\n<\/strong>Der Autor \u00fcbernimmt keinerlei Gew\u00e4hr f\u00fcr die Aktualit\u00e4t, Korrektheit, Vollst\u00e4ndigkeit oder Qualit\u00e4t der bereitgestellten Informationen. Haftungsanspr\u00fcche gegen den Autor, welche sich auf Sch\u00e4den materieller oder ideeller Art beziehen, die durch die Nutzung oder Nichtnutzung der dargebotenen Informationen bzw. durch die Nutzung fehlerhafter und unvollst\u00e4ndiger Informationen verursacht wurden, sind grunds\u00e4tzlich ausgeschlossen, sofern seitens des Autors kein nachweislich vors\u00e4tzliches oder grob fahrl\u00e4ssiges Verschulden vorliegt.<br \/>\nAlle Angebote sind freibleibend und unverbindlich. Der Autor beh\u00e4lt es sich ausdr\u00fccklich vor, Teile der Seiten oder das gesamte Angebot ohne gesonderte Ank\u00fcndigung zu ver\u00e4ndern, zu erg\u00e4nzen, zu l\u00f6schen oder die Ver\u00f6ffentlichung zeitweise oder endg\u00fcltig einzustellen.<\/p>\n<p><strong>2. Verweise und Links<\/strong><br \/>\nBei direkten oder indirekten Verweisen auf fremde Webseiten (&#8222;Hyperlinks&#8220;), die au\u00dferhalb des Verantwortungsbereiches des Autors liegen, w\u00fcrde eine Haftungsverpflichtung ausschlie\u00dflich in dem Fall in Kraft treten, in dem der Autor von den Inhalten Kenntnis hat und es ihm technisch m\u00f6glich und zumutbar w\u00e4re, die Nutzung im Falle rechtswidriger Inhalte zu verhindern. Der Autor erkl\u00e4rt hiermit ausdr\u00fccklich, dass zum Zeitpunkt der Linksetzung keine illegalen Inhalte auf den zu verlinkenden Seiten erkennbar waren. Auf die aktuelle und zuk\u00fcnftige Gestaltung, die Inhalte oder die Urheberschaft der gelinkten\/verkn\u00fcpften Seiten hat der Autor keinerlei Einfluss. Deshalb distanziert er sich hiermit ausdr\u00fccklich von allen Inhalten aller gelinkten \/verkn\u00fcpften Seiten, die nach der Linksetzung ver\u00e4ndert wurden. Diese Feststellung gilt f\u00fcr alle innerhalb des eigenen Internetangebotes gesetzten Links und Verweise sowie f\u00fcr Fremdeintr\u00e4ge in vom Autor eingerichteten G\u00e4steb\u00fcchern, Diskussionsforen und Mailinglisten. F\u00fcr illegale, fehlerhafte oder unvollst\u00e4ndige Inhalte und insbesondere f\u00fcr Sch\u00e4den, die aus der Nutzung oder Nichtnutzung solcherart dargebotener Informationen entstehen, haftet allein der Anbieter der Seite, auf welche verwiesen wurde, nicht derjenige, der \u00fcber Links auf die jeweilige Ver\u00f6ffentlichung lediglich verweist.<\/p>\n<p><strong>3. Urheber- und Kennzeichenrecht<\/strong><br \/>\nDer Autor ist bestrebt, in allen Publikationen die Urheberrechte der verwendeten Grafiken, Tondokumente, Videosequenzen und Texte zu beachten, von ihm selbst erstellte Grafiken, Tondokumente, Videosequenzen und Texte zu nutzen oder auf lizenzfreie Grafiken, Tondokumente, Videosequenzen und Texte zur\u00fcckzugreifen.<br \/>\nAlle innerhalb des Internetangebotes genannten und ggf. durch Dritte gesch\u00fctzten Marken- und Warenzeichen unterliegen uneingeschr\u00e4nkt den Bestimmungen des jeweils g\u00fcltigen Kennzeichenrechts und den Besitzrechten der jeweiligen eingetragenen Eigent\u00fcmer. Allein aufgrund der blo\u00dfen Nennung ist nicht der Schluss zu ziehen, dass Markenzeichen nicht durch Rechte Dritter gesch\u00fctzt sind!<br \/>\nDas Copyright f\u00fcr ver\u00f6ffentlichte, vom Autor selbst erstellte Objekte bleibt allein beim Autor der Seiten. Eine Vervielf\u00e4ltigung oder Verwendung solcher Grafiken, Tondokumente, Videosequenzen und Texte in anderen elektronischen oder gedruckten Publikationen ist ohne ausdr\u00fcckliche Zustimmung des Autors nicht gestattet.<\/p>\n<p><strong>4. Datenschutz<br \/>\n<\/strong>Siehe Datenschutzerkl\u00e4rung unten.<\/p>\n<p><strong>5. Rechtswirksamkeit dieses Haftungsausschlusses<br \/>\n<\/strong>Dieser Haftungsausschluss ist als Teil des Internetangebotes zu betrachten, von dem aus auf diese Seite verwiesen wurde. Sofern Teile oder einzelne Formulierungen dieses Textes der geltenden Rechtslage nicht, nicht mehr oder nicht vollst\u00e4ndig entsprechen sollten, bleiben die \u00fcbrigen Teile des Dokumentes in ihrem Inhalt und ihrer G\u00fcltigkeit davon unber\u00fchrt.<\/p>\n<p><strong>6. Datengebrauch<br \/>\n<\/strong>Im Zusammenhang mit seinem Sportbetrieb sowie sonstigen satzungsgem\u00e4\u00dfen Veranstaltungen ver\u00f6ffentlicht der Verein personenbezogene Daten und Fotos seiner Mitglieder auf seiner Homepage und \u00fcbermittelt Daten und Fotos zur Ver\u00f6ffentlichung an Print- und Telemedien sowie elektronische Medien. Die Ver\u00f6ffentlichung\/\u00dcbermittlung von Daten beschr\u00e4nkt sich hierbei auf Name, Vereins- und Abteilungszugeh\u00f6rigkeit, Funktion im Verein und &#8211; soweit aus sportlichen Gr\u00fcnden (z.B. Einteilung in Wettkampfklassen) erforderlich &#8211; Alter oder Geburtsjahrgang. Ein Mitglied kann jederzeit gegen\u00fcber dem Vorstand der Ver\u00f6ffentlichung von Einzelfotos seiner Person widersprechen. Ab Zugang des Widerspruchs unterbleibt die Ver\u00f6ffentlichung\/ \u00dcbermittlung und der Verein entfernt vorhandene Fotos von seiner Homepage.<\/p>\n<p>&nbsp;<\/p>\n<p><strong>Datenschutzerkl\u00e4rung<\/strong><\/p>\n<p>Diese Datenschutzerkl\u00e4rung kl\u00e4rt Sie \u00fcber die Art, den Umfang und Zweck der Verarbeitung von personenbezogenen Daten (nachfolgend kurz \u201eDaten\u201c) innerhalb unseres Onlineangebotes und der mit ihm verbundenen Webseiten, Funktionen und Inhalte sowie externen Onlinepr\u00e4senzen, wie z.B. unser Social Media Profile auf (nachfolgend gemeinsam bezeichnet als \u201eOnlineangebot\u201c). Im Hinblick auf die verwendeten Begrifflichkeiten, wie z.B. \u201eVerarbeitung\u201c oder \u201eVerantwortlicher\u201c verweisen wir auf die Definitionen im Art. 4 der Datenschutzgrundverordnung (DSGVO).<\/p>\n<p><strong>Verantwortlicher<\/strong><\/p>\n<p>SSC&#8217;90 Schlo\u00df Holte-Stukenbrock e.V.<br \/>\n<strong>1. Vorsitzender:<br \/>\nAndre Berning<\/strong><br \/>\n<strong><br \/>\nStellvertreterinnen:<br \/>\nNicole Haase<br \/>\nRika Kl\u00e4sener<\/strong><\/p>\n<p>Postfach 1261<br \/>\n33749 Schlo\u00df Holte-Stukenbrock<br \/>\nTel. 0160 97 05 62 14<br \/>\nInternet: ssc90.de<br \/>\nMail: v&#101;&#x72;&#x77;a&#108;&#x74;&#x75;n&#103;&#64;&#x73;&#x73;c&#57;&#x30;&#x2e;d&#101;<br \/>\nRegistergericht: Amtsgericht Bielefeld<br \/>\nRegisternummer: 20 VR 2665<br \/>\nSteuer Nr. 349 \/ 5590 \/ 1745<\/p>\n<p><strong>Arten der verarbeiteten Daten:<\/strong><\/p>\n<p>&#8211; Bestandsdaten (z.B., Namen, Adressen).<br \/>\n&#8211; Kontaktdaten (z.B., E-Mail, Telefonnummern).<br \/>\n&#8211; Inhaltsdaten (z.B., Texteingaben, Fotografien, Videos).<br \/>\n&#8211; Nutzungsdaten (z.B., besuchte Webseiten, Interesse an Inhalten, Zugriffszeiten).<br \/>\n&#8211; Meta-\/Kommunikationsdaten (z.B., Ger\u00e4te-Informationen, IP-Adressen).<\/p>\n<p><strong>Kategorien betroffener Personen<\/strong><\/p>\n<p>Besucher und Nutzer des Onlineangebotes (Nachfolgend bezeichnen wir die betroffenen Personen zusammenfassend auch als \u201eNutzer\u201c).<\/p>\n<p><strong>Zweck der Verarbeitung<\/strong><\/p>\n<p>&#8211; Zurverf\u00fcgungstellung des Onlineangebotes, seiner Funktionen und Inhalte.<br \/>\n&#8211; Beantwortung von Kontaktanfragen und Kommunikation mit Nutzern.<br \/>\n&#8211; Sicherheitsma\u00dfnahmen.<br \/>\n&#8211; Reichweitenmessung\/Marketing<\/p>\n<p><strong>Verwendete Begrifflichkeiten\u00a0<\/strong><\/p>\n<p>\u201ePersonenbezogene Daten\u201c sind alle Informationen, die sich auf eine identifizierte oder identifizierbare nat\u00fcrliche Person (im Folgenden \u201ebetroffene Person\u201c) beziehen; als identifizierbar wird eine nat\u00fcrliche Person angesehen, die direkt oder indirekt, insbesondere mittels Zuordnung zu einer Kennung wie einem Namen, zu einer Kennnummer, zu Standortdaten, zu einer Online-Kennung (z.B. Cookie) oder zu einem oder mehreren besonderen Merkmalen identifiziert werden kann, die Ausdruck der physischen, physiologischen, genetischen, psychischen, wirtschaftlichen, kulturellen oder sozialen Identit\u00e4t dieser nat\u00fcrlichen Person sind.<\/p>\n<p>\u201eVerarbeitung\u201c ist jeder mit oder ohne Hilfe automatisierter Verfahren ausgef\u00fchrte Vorgang oder jede solche Vorgangsreihe im Zusammenhang mit personenbezogenen Daten. Der Begriff reicht weit und umfasst praktisch jeden Umgang mit Daten.<\/p>\n<p>\u201ePseudonymisierung\u201c die Verarbeitung personenbezogener Daten in einer Weise, dass die personenbezogenen Daten ohne Hinzuziehung zus\u00e4tzlicher Informationen nicht mehr einer spezifischen betroffenen Person zugeordnet werden k\u00f6nnen, sofern diese zus\u00e4tzlichen Informationen gesondert aufbewahrt werden und technischen und organisatorischen Ma\u00dfnahmen unterliegen, die gew\u00e4hrleisten, dass die personenbezogenen Daten nicht einer identifizierten oder identifizierbaren nat\u00fcrlichen Person zugewiesen werden.<\/p>\n<p>\u201eProfiling\u201c jede Art der automatisierten Verarbeitung personenbezogener Daten, die darin besteht, dass diese personenbezogenen Daten verwendet werden, um bestimmte pers\u00f6nliche Aspekte, die sich auf eine nat\u00fcrliche Person beziehen, zu bewerten, insbesondere um Aspekte bez\u00fcglich Arbeitsleistung, wirtschaftliche Lage, Gesundheit, pers\u00f6nliche Vorlieben, Interessen, Zuverl\u00e4ssigkeit, Verhalten, Aufenthaltsort oder Ortswechsel dieser nat\u00fcrlichen Person zu analysieren oder vorherzusagen.<\/p>\n<p>Als \u201eVerantwortlicher\u201c wird die nat\u00fcrliche oder juristische Person, Beh\u00f6rde, Einrichtung oder andere Stelle, die allein oder gemeinsam mit anderen \u00fcber die Zwecke und Mittel der Verarbeitung von personenbezogenen Daten entscheidet, bezeichnet.<\/p>\n<p>\u201eAuftragsverarbeiter\u201c eine nat\u00fcrliche oder juristische Person, Beh\u00f6rde, Einrichtung oder andere Stelle, die personenbezogene Daten im Auftrag des Verantwortlichen verarbeitet.<\/p>\n<p><strong>Ma\u00dfgebliche Rechtsgrundlagen<\/strong><\/p>\n<p>Nach Ma\u00dfgabe des Art. 13 DSGVO teilen wir Ihnen die Rechtsgrundlagen unserer Datenverarbeitungen mit. Sofern die Rechtsgrundlage in der Datenschutzerkl\u00e4rung nicht genannt wird, gilt Folgendes: Die Rechtsgrundlage f\u00fcr die Einholung von Einwilligungen ist Art. 6 Abs. 1 lit. a und Art. 7 DSGVO, die Rechtsgrundlage f\u00fcr die Verarbeitung zur Erf\u00fcllung unserer Leistungen und Durchf\u00fchrung vertraglicher Ma\u00dfnahmen sowie Beantwortung von Anfragen ist Art. 6 Abs. 1 lit. b DSGVO, die Rechtsgrundlage f\u00fcr die Verarbeitung zur Erf\u00fcllung unserer rechtlichen Verpflichtungen ist Art. 6 Abs. 1 lit. c DSGVO, und die Rechtsgrundlage f\u00fcr die Verarbeitung zur Wahrung unserer berechtigten Interessen ist Art. 6 Abs. 1 lit. f DSGVO. F\u00fcr den Fall, dass lebenswichtige Interessen der betroffenen Person oder einer anderen nat\u00fcrlichen Person eine Verarbeitung personenbezogener Daten erforderlich machen, dient Art. 6 Abs. 1 lit. d DSGVO als Rechtsgrundlage.<\/p>\n<p><strong>Sicherheitsma\u00dfnahmen<\/strong><\/p>\n<p>Wir treffen nach Ma\u00dfgabe des Art. 32 DSGVO unter Ber\u00fccksichtigung des Stands der Technik, der Implementierungskosten und der Art, des Umfangs, der Umst\u00e4nde und der Zwecke der Verarbeitung sowie der unterschiedlichen Eintrittswahrscheinlichkeit und Schwere des Risikos f\u00fcr die Rechte und Freiheiten nat\u00fcrlicher Personen, geeignete technische und organisatorische Ma\u00dfnahmen, um ein dem Risiko angemessenes Schutzniveau zu gew\u00e4hrleisten.<\/p>\n<p>Zu den Ma\u00dfnahmen geh\u00f6ren insbesondere die Sicherung der Vertraulichkeit, Integrit\u00e4t und Verf\u00fcgbarkeit von Daten durch Kontrolle des physischen Zugangs zu den Daten, als auch des sie betreffenden Zugriffs, der Eingabe, Weitergabe, der Sicherung der Verf\u00fcgbarkeit und ihrer Trennung. Des Weiteren haben wir Verfahren eingerichtet, die eine Wahrnehmung von Betroffenenrechten, L\u00f6schung von Daten und Reaktion auf Gef\u00e4hrdung der Daten gew\u00e4hrleisten. Ferner ber\u00fccksichtigen wir den Schutz personenbezogener Daten bereits bei der Entwicklung, bzw. Auswahl von Hardware, Software sowie Verfahren, entsprechend dem Prinzip des Datenschutzes durch Technikgestaltung und durch datenschutzfreundliche Voreinstellungen (Art. 25 DSGVO).<\/p>\n<p><strong>Zusammenarbeit mit Auftragsverarbeitern und Dritten<\/strong><\/p>\n<p>Sofern wir im Rahmen unserer Verarbeitung Daten gegen\u00fcber anderen Personen und Unternehmen (Auftragsverarbeitern oder Dritten) offenbaren, sie an diese \u00fcbermitteln oder ihnen sonst Zugriff auf die Daten gew\u00e4hren, erfolgt dies nur auf Grundlage einer gesetzlichen Erlaubnis (z.B. wenn eine \u00dcbermittlung der Daten an Dritte, wie an Zahlungsdienstleister, gem. Art. 6 Abs. 1 lit. b DSGVO zur Vertragserf\u00fcllung erforderlich ist), Sie eingewilligt haben, eine rechtliche Verpflichtung dies vorsieht oder auf Grundlage unserer berechtigten Interessen (z.B. beim Einsatz von Beauftragten, Webhostern, etc.).<\/p>\n<p>Sofern wir Dritte mit der Verarbeitung von Daten auf Grundlage eines sog. \u201eAuftragsverarbeitungsvertrages\u201c beauftragen, geschieht dies auf Grundlage des Art. 28 DSGVO.<\/p>\n<p><strong>\u00dcbermittlungen in Drittl\u00e4nder<\/strong><\/p>\n<p>Sofern wir Daten in einem Drittland (d.h. au\u00dferhalb der Europ\u00e4ischen Union (EU) oder des Europ\u00e4ischen Wirtschaftsraums (EWR)) verarbeiten oder dies im Rahmen der Inanspruchnahme von Diensten Dritter oder Offenlegung, bzw. \u00dcbermittlung von Daten an Dritte geschieht, erfolgt dies nur, wenn es zur Erf\u00fcllung unserer (vor)vertraglichen Pflichten, auf Grundlage Ihrer Einwilligung, aufgrund einer rechtlichen Verpflichtung oder auf Grundlage unserer berechtigten Interessen geschieht. Vorbehaltlich gesetzlicher oder vertraglicher Erlaubnisse, verarbeiten oder lassen wir die Daten in einem Drittland nur beim Vorliegen der besonderen Voraussetzungen der Art. 44 ff. DSGVO verarbeiten. D.h. die Verarbeitung erfolgt z.B. auf Grundlage besonderer Garantien, wie der offiziell anerkannten Feststellung eines der EU entsprechenden Datenschutzniveaus (z.B. f\u00fcr die USA durch das \u201ePrivacy Shield\u201c) oder Beachtung offiziell anerkannter spezieller vertraglicher Verpflichtungen (so genannte \u201eStandardvertragsklauseln\u201c).<\/p>\n<p><strong>Rechte der betroffenen Personen<\/strong><\/p>\n<p>Sie haben das Recht, eine Best\u00e4tigung dar\u00fcber zu verlangen, ob betreffende Daten verarbeitet werden und auf Auskunft \u00fcber diese Daten sowie auf weitere Informationen und Kopie der Daten entsprechend Art. 15 DSGVO.<\/p>\n<p>Sie haben entsprechend. Art. 16 DSGVO das Recht, die Vervollst\u00e4ndigung der Sie betreffenden Daten oder die Berichtigung der Sie betreffenden unrichtigen Daten zu verlangen.<\/p>\n<p>Sie haben nach Ma\u00dfgabe des Art. 17 DSGVO das Recht zu verlangen, dass betreffende Daten unverz\u00fcglich gel\u00f6scht werden, bzw. alternativ nach Ma\u00dfgabe des Art. 18 DSGVO eine Einschr\u00e4nkung der Verarbeitung der Daten zu verlangen.<\/p>\n<p>Sie haben das Recht zu verlangen, dass die Sie betreffenden Daten, die Sie uns bereitgestellt haben nach Ma\u00dfgabe des Art. 20 DSGVO zu erhalten und deren \u00dcbermittlung an andere Verantwortliche zu fordern.<\/p>\n<p>Sie haben ferner gem. Art. 77 DSGVO das Recht, eine Beschwerde bei der zust\u00e4ndigen Aufsichtsbeh\u00f6rde einzureichen.<\/p>\n<p>Widerrufsrecht<\/p>\n<p>Sie haben das Recht, erteilte Einwilligungen gem. Art. 7 Abs. 3 DSGVO mit Wirkung f\u00fcr die Zukunft zu widerrufen<\/p>\n<p><strong>Widerspruchsrecht<\/strong><\/p>\n<p>Sie k\u00f6nnen der k\u00fcnftigen Verarbeitung der Sie betreffenden Daten nach Ma\u00dfgabe des Art. 21 DSGVO jederzeit widersprechen. Der Widerspruch kann insbesondere gegen die Verarbeitung f\u00fcr Zwecke der Direktwerbung erfolgen.<\/p>\n<p><strong>Cookies und Widerspruchsrecht bei Direktwerbung<\/strong><\/p>\n<p>Als \u201eCookies\u201c werden kleine Dateien bezeichnet, die auf Rechnern der Nutzer gespeichert werden. Innerhalb der Cookies k\u00f6nnen unterschiedliche Angaben gespeichert werden. Ein Cookie dient prim\u00e4r dazu, die Angaben zu einem Nutzer (bzw. dem Ger\u00e4t auf dem das Cookie gespeichert ist) w\u00e4hrend oder auch nach seinem Besuch innerhalb eines Onlineangebotes zu speichern. Als tempor\u00e4re Cookies, bzw. \u201eSession-Cookies\u201c oder \u201etransiente Cookies\u201c, werden Cookies bezeichnet, die gel\u00f6scht werden, nachdem ein Nutzer ein Onlineangebot verl\u00e4sst und seinen Browser schlie\u00dft. In einem solchen Cookie kann z.B. der Inhalt eines Warenkorbs in einem Onlineshop oder ein Login-Status gespeichert werden. Als \u201epermanent\u201c oder \u201epersistent\u201c werden Cookies bezeichnet, die auch nach dem Schlie\u00dfen des Browsers gespeichert bleiben. So kann z.B. der Login-Status gespeichert werden, wenn die Nutzer diese nach mehreren Tagen aufsuchen. Ebenso k\u00f6nnen in einem solchen Cookie die Interessen der Nutzer gespeichert werden, die f\u00fcr Reichweitenmessung oder Marketingzwecke verwendet werden. Als \u201eThird-Party-Cookie\u201c werden Cookies bezeichnet, die von anderen Anbietern als dem Verantwortlichen, der das Onlineangebot betreibt, angeboten werden (andernfalls, wenn es nur dessen Cookies sind spricht man von \u201eFirst-Party Cookies\u201c).<\/p>\n<p>Wir k\u00f6nnen tempor\u00e4re und permanente Cookies einsetzen und kl\u00e4ren hier\u00fcber im Rahmen unserer Datenschutzerkl\u00e4rung auf.<\/p>\n<p>Falls die Nutzer nicht m\u00f6chten, dass Cookies auf ihrem Rechner gespeichert werden, werden sie gebeten die entsprechende Option in den Systemeinstellungen ihres Browsers zu deaktivieren. Gespeicherte Cookies k\u00f6nnen in den Systemeinstellungen des Browsers gel\u00f6scht werden. Der Ausschluss von Cookies kann zu Funktionseinschr\u00e4nkungen dieses Onlineangebotes f\u00fchren.<\/p>\n<p>Ein genereller Widerspruch gegen den Einsatz der zu Zwecken des Onlinemarketing eingesetzten Cookies kann bei einer Vielzahl der Dienste, vor allem im Fall des Trackings, \u00fcber die US-amerikanische Seite\u00a0<a href=\"http:\/\/www.aboutads.info\/choices\/\">http:\/\/www.aboutads.info\/choices\/<\/a>oder die EU-Seite\u00a0<a href=\"http:\/\/www.youronlinechoices.com\/\">http:\/\/www.youronlinechoices.com\/<\/a>\u00a0erkl\u00e4rt werden. Des Weiteren kann die Speicherung von Cookies mittels deren Abschaltung in den Einstellungen des Browsers erreicht werden. Bitte beachten Sie, dass dann gegebenenfalls nicht alle Funktionen dieses Onlineangebotes genutzt werden k\u00f6nnen.<\/p>\n<p><strong>L\u00f6schung von Daten<\/strong><\/p>\n<p>Die von uns verarbeiteten Daten werden nach Ma\u00dfgabe der Art. 17 und 18 DSGVO gel\u00f6scht oder in ihrer Verarbeitung eingeschr\u00e4nkt. Sofern nicht im Rahmen dieser Datenschutzerkl\u00e4rung ausdr\u00fccklich angegeben, werden die bei uns gespeicherten Daten gel\u00f6scht, sobald sie f\u00fcr ihre Zweckbestimmung nicht mehr erforderlich sind und der L\u00f6schung keine gesetzlichen Aufbewahrungspflichten entgegenstehen. Sofern die Daten nicht gel\u00f6scht werden, weil sie f\u00fcr andere und gesetzlich zul\u00e4ssige Zwecke erforderlich sind, wird deren Verarbeitung eingeschr\u00e4nkt. D.h. die Daten werden gesperrt und nicht f\u00fcr andere Zwecke verarbeitet. Das gilt z.B. f\u00fcr Daten, die aus handels- oder steuerrechtlichen Gr\u00fcnden aufbewahrt werden m\u00fcssen.<\/p>\n<p>Nach gesetzlichen Vorgaben in Deutschland, erfolgt die Aufbewahrung insbesondere f\u00fcr 10 Jahre gem\u00e4\u00df \u00a7\u00a7 147 Abs. 1 AO, 257 Abs. 1 Nr. 1 und 4, Abs. 4 HGB (B\u00fccher, Aufzeichnungen, Lageberichte, Buchungsbelege, Handelsb\u00fccher, f\u00fcr Besteuerung relevanter Unterlagen, etc.) und 6 Jahre gem\u00e4\u00df \u00a7 257 Abs. 1 Nr. 2 und 3, Abs. 4 HGB (Handelsbriefe).<\/p>\n<p>Nach gesetzlichen Vorgaben in \u00d6sterreich erfolgt die Aufbewahrung insbesondere f\u00fcr 7 J gem\u00e4\u00df \u00a7 132 Abs. 1 BAO (Buchhaltungsunterlagen, Belege\/Rechnungen, Konten, Belege, Gesch\u00e4ftspapiere, Aufstellung der Einnahmen und Ausgaben, etc.), f\u00fcr 22 Jahre im Zusammenhang mit Grundst\u00fccken und f\u00fcr 10 Jahre bei Unterlagen im Zusammenhang mit elektronisch erbrachten Leistungen, Telekommunikations-, Rundfunk- und Fernsehleistungen, die an Nichtunternehmer in EU-Mitgliedstaaten erbracht werden und f\u00fcr die der Mini-One-Stop-Shop (MOSS) in Anspruch genommen wird.<\/p>\n<p><strong>Erbringung unserer satzungs- und gesch\u00e4ftsgem\u00e4\u00dfen Leistungen<\/strong><\/p>\n<p>Wir verarbeiten die Daten unserer Mitglieder, Unterst\u00fctzer, Interessenten, Kunden oder sonstiger Personen entsprechend Art. 6 Abs. 1 lit. b. DSGVO, sofern wir ihnen gegen\u00fcber vertragliche Leistungen anbieten oder im Rahmen bestehender gesch\u00e4ftlicher Beziehung, z.B. gegen\u00fcber Mitgliedern, t\u00e4tig werden oder selbst Empf\u00e4nger von Leistungen und Zuwendungen sind. Im \u00dcbrigen verarbeiten wir die Daten betroffener Personen gem. Art. 6 Abs. 1 lit. f. DSGVO auf Grundlage unserer berechtigten Interessen, z.B. wenn es sich um administrative Aufgaben oder \u00d6ffentlichkeitsarbeit handelt.<\/p>\n<p>Die hierbei verarbeiteten Daten, die Art, der Umfang und der Zweck und die Erforderlichkeit ihrer Verarbeitung bestimmen sich nach dem zugrundeliegenden Vertragsverh\u00e4ltnis. Dazu geh\u00f6ren grunds\u00e4tzlich Bestands- und Stammdaten der Personen (z.B., Name, Adresse, etc.), als auch die Kontaktdaten (z.B., E-Mailadresse, Telefon, etc.), die Vertragsdaten (z.B., in Anspruch genommene Leistungen, mitgeteilte Inhalte und Informationen, Namen von Kontaktpersonen) und sofern wir zahlungspflichtige Leistungen oder Produkte anbieten, Zahlungsdaten (z.B., Bankverbindung, Zahlungshistorie, etc.).<\/p>\n<p>Wir l\u00f6schen Daten, die zur Erbringung unserer satzungs- und gesch\u00e4ftsm\u00e4\u00dfigen Zwecke nicht mehr erforderlich sind. Dies bestimmt sich entsprechend der jeweiligen Aufgaben und vertraglichen Beziehungen. Im Fall gesch\u00e4ftlicher Verarbeitung bewahren wir die Daten so lange auf, wie sie zur Gesch\u00e4ftsabwicklung, als auch im Hinblick auf etwaige Gew\u00e4hrleistungs- oder Haftungspflichten relevant sein k\u00f6nnen. Die Erforderlichkeit der Aufbewahrung der Daten wird alle drei Jahre \u00fcberpr\u00fcft; im \u00dcbrigen gelten die gesetzlichen Aufbewahrungspflichten.<\/p>\n<p><a href=\"https:\/\/datenschutz-generator.de\">Erstellt mit Datenschutz-Generator.de von RA Dr. Thomas Schwenke<\/a><\/p>\n","protected":false},"excerpt":{"rendered":"<p>SSC&#8217;90 Schlo\u00df Holte-Stukenbrock e.V. Postfach 1261 33749 Schlo\u00df Holte-Stukenbrock Telefon: 016097056214 Mail: &#x76;&#x65;&#x72;&#x77;&#97;&#108;&#116;&#117;ng&#64;&#x73;&#x73;&#x63;&#x39;&#x30;&#46;&#100;&#101; Registergericht: Amtsgericht Bielefeld Registernummer: 20 VR 2665<\/p>\n","protected":false},"author":1,"featured_media":0,"parent":0,"menu_order":11,"comment_status":"closed","ping_status":"closed","template":"page-templates\/contact.php","meta":{"colormag_page_container_layout":"no_sidebar_full_width","colormag_page_sidebar_layout":"no_sidebar","footnotes":""},"class_list":["post-33","page","type-page","status-publish","hentry"],"_links":{"self":[{"href":"https:\/\/ssc90.de\/web\/wp-json\/wp\/v2\/pages\/33","targetHints":{"allow":["GET"]}}],"collection":[{"href":"https:\/\/ssc90.de\/web\/wp-json\/wp\/v2\/pages"}],"about":[{"href":"https:\/\/ssc90.de\/web\/wp-json\/wp\/v2\/types\/page"}],"author":[{"embeddable":true,"href":"https:\/\/ssc90.de\/web\/wp-json\/wp\/v2\/users\/1"}],"replies":[{"embeddable":true,"href":"https:\/\/ssc90.de\/web\/wp-json\/wp\/v2\/comments?post=33"}],"version-history":[{"count":14,"href":"https:\/\/ssc90.de\/web\/wp-json\/wp\/v2\/pages\/33\/revisions"}],"predecessor-version":[{"id":3975,"href":"https:\/\/ssc90.de\/web\/wp-json\/wp\/v2\/pages\/33\/revisions\/3975"}],"wp:attachment":[{"href":"https:\/\/ssc90.de\/web\/wp-json\/wp\/v2\/media?parent=33"}],"curies":[{"name":"wp","href":"https:\/\/api.w.org\/{rel}","templated":true}]}}