{"id":422,"date":"2017-03-29T21:45:31","date_gmt":"2017-03-29T19:45:31","guid":{"rendered":"http:\/\/ssc90.de\/web\/?page_id=422"},"modified":"2023-11-15T18:40:49","modified_gmt":"2023-11-15T17:40:49","slug":"ausbildung-fortbildung","status":"publish","type":"page","link":"https:\/\/ssc90.de\/web\/schwimmen-allgemeines\/bestenlisten\/ausbildung-fortbildung\/","title":{"rendered":"Ausbildung \/ Fortbildung"},"content":{"rendered":"<p>Wir brauchen Ihre\/Deine Hilfe, um unseren Verein weiter auszubauen.<br \/>\nOhne Unterst\u00fctzung des Vereinsgeschehens im Ehrenamt kann kein Verein ein aktives Programm f\u00fcr die Mitglieder gestalten.<br \/>\nDaher ist es wichtig, dass sich immer wieder Mitglieder\/Eltern dazu bereit erkl\u00e4ren, kleine Aufgaben im Verein zu \u00fcbernehmen.<\/p>\n<p>Kleine Aufgaben sind:<\/p>\n<ul>\n<li>Mithilfe im \u00dcbungsbetrieb<\/li>\n<li>Mithilfe im Festausschuss<\/li>\n<li>Mithilfe in der Jugendarbeit<\/li>\n<li>Mithilfe in der Vorstandsarbeit.<\/li>\n<\/ul>\n<p>Wir unterst\u00fctzen jeden Interessenten durch die M\u00f6glichkeit einer fundierten Ausbildung bei den entsprechenden Fachsparten.<br \/>\nDie Schulung zum Erwerb von \u00dcbungsleiterscheinen, Trainerscheinen, Jugendleiterscheinen und insbesondere Kampfrichterscheinen wird dabei durch den Verein finanziert.<\/p>\n<p>&nbsp;<\/p>\n<p><strong>Ausschreibungen und Anmeldeunterlagen gibt es auf der Homepage des Schwimmverband NRW:<\/strong><br \/>\n<a href=\"http:\/\/www.swimpool.de\/no_cache\/lehrgaenge\/lehrgangssuche.html\">http:\/\/www.swimpool.de\/no_cache\/lehrgaenge\/lehrgangssuche.html<\/a><\/p>\n<p>&nbsp;<\/p>\n<header>\n<h5 class=\"\"><span style=\"font-size: 12pt;\"><strong>Ansprechpartner beim Kreissportbund G\u00fctersloh<\/strong><\/span><\/h5>\n<\/header>\n<p>Unsere Gesch\u00e4ftszeiten sind montags bis donnerstags in der Zeit von 09:00 &#8211; 12:00 Uhr und 14.00 &#8211; 16.00 Uhr sowie freitags von 09:00 &#8211; 12:00 Uhr. Die Mitarbeiterinnen und Mitarbeiter helfen Ihnen bei Fragen und pers\u00f6nlichen Anliegen gerne weiter und stehen an o. g. Tagen in der Regel auch au\u00dferhalb der Gesch\u00e4ftszeiten zur Verf\u00fcgung.<\/p>\n<div class=\"company\"><em><strong>Gesch\u00e4ftsstelle<\/strong><\/em><\/div>\n<p>&nbsp;<\/p>\n<ul class=\"list-unstyled address-contact-list\">\n<li><i class=\"fas fa-map-marker-alt text-center\"><\/i>\n<div class=\"address\">\n<address>Am Reckenberg 6<br \/>\n33378\u00a0Rheda-Wiedenbr\u00fcck<\/address>\n<\/div>\n<\/li>\n<li><i class=\"fas fa-phone text-center\"><\/i><a href=\"tel:05241851441\">05241 85 1441<\/a><\/li>\n<li><i class=\"fas fa-fax text-center\"><\/i>05241 85 1454<\/li>\n<\/ul>\n<header>\n<h5 class=\"\">Umstellung der Lizenzg\u00fcltigkeiten<\/h5>\n<\/header>\n<p>Aufgrund des Zusammenschlusses der Lizenzmanagementsysteme des Landessportbundes NRW und des Deutschen Olympischen Sportbundes (DOSB), werden die Lizenzg\u00fcltigkeiten ab dem Zeitpunkt der Umstellung zum 30. Oktober 2019 neu berechnet.<\/p>\n<p>Die DOSB-Rahmenrichtlinien f\u00fcr Qualifizierung legen hierf\u00fcr folgende Zeitr\u00e4ume fest:<\/p>\n<ol>\n<li>Die G\u00fcltigkeitsdauer beginnt mit dem Ausstellungsdatum der Lizenz<\/li>\n<li>Die DOSB-Lizenzen sind f\u00fcr folgende Zeitr\u00e4ume g\u00fcltig<\/li>\n<\/ol>\n<ul>\n<li>nach Erwerb der 1. Lizenzstufe vier Jahre<\/li>\n<\/ul>\n<ul>\n<li>nach Erwerb der 2. Lizenzstufe vier Jahre (f\u00fcr den Ausbildungsgang Sport in der Rehabilitation, Profil \u201eSport in Herzgruppen\u201c und \u201eInnere Medizin\u201c, muss innerhalb von zwei Jahren eine Fortbildung absolviert werden)<\/li>\n<\/ul>\n<p>Eine G\u00fcltigkeit, die \u00fcber vier bzw. zwei Jahre hinausgeht, ist laut DOSB-Rahmenrichtlinien nicht zul\u00e4ssig und die Anpassung eine verbindliche Vorgabe seitens des DOSB.<strong>\u00a0<\/strong><\/p>\n<p>&nbsp;<\/p>\n<p class=\"text-justify\">\u00dcbungsleiter-C-Lizenzen, die zum Jahresende auslaufen, k\u00f6nnen nach folgenden Regelungen verl\u00e4ngert werden:<\/p>\n<ul>\n<li class=\"text-justify\">Im ersten Jahr nach Ablauf der G\u00fcltigkeit: Nach erfolgreichem Besuch einer Fortbildung mit mindestens 15 Lizenzpunkten erfolgt eine Verl\u00e4ngerung um weitere drei Jahre.<\/li>\n<li class=\"text-justify\">Im zweiten und dritten Jahr nach Ablauf der G\u00fcltigkeit: Nach erfolgreichem Besuch von Fortbildungen mit einem Gesamtumfang von mindestens 30 Lizenzpunkten erfolgt eine Verl\u00e4ngerung um weitere vier Jahre.<\/li>\n<li class=\"text-justify\">Im vierten und f\u00fcnften Jahr nach Ablauf der G\u00fcltigkeit: Nach erfolgreichem Besuch von Fortbildungen mit einem Gesamtumfang von mindestens 45 Lizenzpunkten erfolgt eine Verl\u00e4ngerung um weitere vier Jahre.<\/li>\n<li class=\"text-justify\">Bei einer \u00dcberschreitung um mehr als f\u00fcnf Jahren: Neuerwerb durch Wiederholung der gesamten Ausbildung.<\/li>\n<\/ul>\n<div class=\"page\" title=\"Page 1\">\n<div class=\"section\">\n<div class=\"layoutArea\">\n<div class=\"column\"><\/div>\n<div id=\"c31307\" class=\"frame frame-default frame-type-text frame-layout-0\">\n<p>&nbsp;<\/p>\n<\/div>\n<\/div>\n<\/div>\n<\/div>\n<p>&nbsp;<\/p>\n","protected":false},"excerpt":{"rendered":"<p>Wir brauchen Ihre\/Deine Hilfe, um unseren Verein weiter auszubauen. Ohne Unterst\u00fctzung des Vereinsgeschehens im Ehrenamt kann kein Verein ein aktives<\/p>\n","protected":false},"author":1,"featured_media":0,"parent":16,"menu_order":6,"comment_status":"closed","ping_status":"closed","template":"","meta":{"colormag_page_container_layout":"default_layout","colormag_page_sidebar_layout":"default_layout","footnotes":""},"class_list":["post-422","page","type-page","status-publish","hentry"],"_links":{"self":[{"href":"https:\/\/ssc90.de\/web\/wp-json\/wp\/v2\/pages\/422","targetHints":{"allow":["GET"]}}],"collection":[{"href":"https:\/\/ssc90.de\/web\/wp-json\/wp\/v2\/pages"}],"about":[{"href":"https:\/\/ssc90.de\/web\/wp-json\/wp\/v2\/types\/page"}],"author":[{"embeddable":true,"href":"https:\/\/ssc90.de\/web\/wp-json\/wp\/v2\/users\/1"}],"replies":[{"embeddable":true,"href":"https:\/\/ssc90.de\/web\/wp-json\/wp\/v2\/comments?post=422"}],"version-history":[{"count":14,"href":"https:\/\/ssc90.de\/web\/wp-json\/wp\/v2\/pages\/422\/revisions"}],"predecessor-version":[{"id":3194,"href":"https:\/\/ssc90.de\/web\/wp-json\/wp\/v2\/pages\/422\/revisions\/3194"}],"up":[{"embeddable":true,"href":"https:\/\/ssc90.de\/web\/wp-json\/wp\/v2\/pages\/16"}],"wp:attachment":[{"href":"https:\/\/ssc90.de\/web\/wp-json\/wp\/v2\/media?parent=422"}],"curies":[{"name":"wp","href":"https:\/\/api.w.org\/{rel}","templated":true}]}}