{"id":430,"date":"2017-03-29T21:53:09","date_gmt":"2017-03-29T19:53:09","guid":{"rendered":"http:\/\/ssc90.de\/web\/?page_id=430"},"modified":"2026-03-23T16:58:32","modified_gmt":"2026-03-23T15:58:32","slug":"anmeldung","status":"publish","type":"page","link":"https:\/\/ssc90.de\/web\/anmeldung\/","title":{"rendered":"Anmeldung"},"content":{"rendered":"<p>Du hast Lust auf Schwimmen bekommen?<br \/>\nDann komm in unseren Verein. Wir freuen uns auf Dich.<\/p>\n<p>&nbsp;<\/p>\n<p class=\"s5\"><span style=\"font-size: 14pt;\"><strong><span class=\"s6\">Informationen Nachwuchs<\/span><\/strong><\/span><\/p>\n<p class=\"s3\"><span class=\"s4\">Du hast mindestens das Seepferdchen erreicht und schwimmen hat Dir viel Spa\u00df gemacht. <\/span><\/p>\n<p class=\"s3\"><span class=\"s7\">Herzlichen Gl\u00fcckwunsch, Du kannst stolz sein. <\/span><\/p>\n<p class=\"s3\"><span class=\"s4\">M\u00f6chtest Du gerne mit vielen Kindern in Deinem Alter regelm\u00e4\u00dfig<\/span> <span class=\"s4\">schwimmen? <\/span><\/p>\n<p class=\"s3\"><span class=\"s4\">Dann bist du bei uns genau richtig!<\/span><\/p>\n<p class=\"s3\"><span class=\"s4\">Wir bieten Dir regelm\u00e4\u00dfiges Training <\/span><span class=\"s4\">mit erfahrenen <\/span><span class=\"s4\">Trainer<\/span><span class=\"s4\">*Innen<\/span><span class=\"s4\">. <\/span><\/p>\n<p class=\"s3\"><span class=\"s4\">Um bei uns schwimmen zu k\u00f6nnen, findet jedes Quartal eine Talentsichtung statt. Zum Reinschnuppern kannst du danach 3-mal zum Probetraining kommen. Die Talentsichtung findet <\/span><span class=\"s4\">einmal im Quartal statt. Die Daten der Sichtungstermine und der jeweilige Anmeldezeitraum werden auf allen Kan\u00e4len ver\u00f6ffentlicht.<\/span><\/p>\n<p class=\"s3\"><a name=\"_Hlk154096135\"><\/a><span class=\"s4\">Bei der Talentsichtung schauen wir insbesondere auf folgende Dinge:<\/span><\/p>\n<div class=\"s8\"><span class=\"s4\">&#8211; <\/span><span class=\"s4\">Welches <\/span><span class=\"s4\">Schwimma<\/span><span class=\"s4\">bzeichen hast du?<\/span><\/div>\n<div class=\"s8\"><span class=\"s4\">&#8211; <\/span><span class=\"s4\">Kannst du vom Startblock <\/span><span class=\"s4\">ins Wasser<\/span><span class=\"s4\"> springen?<\/span><\/div>\n<div class=\"s8\"><span class=\"s4\">&#8211; <\/span><span class=\"s4\">Kannst du <\/span><span class=\"s4\">mindestens <\/span><span class=\"s4\">25 m ohne Pause, ohne Hilfsmittel<\/span> <span class=\"s9\">technisch sauber<\/span><span class=\"s4\"> schwimmen?<\/span><\/div>\n<div class=\"s8\"><span class=\"s4\">&#8211; <\/span><span class=\"s4\">Kannst du dich im Wasser zu einem Paket machen<\/span><span class=\"s4\">, schweben,<\/span><span class=\"s4\"> kr\u00e4ftig ausatmen (Blickrichtung zum Boden)<\/span><span class=\"s4\"> und absinken<\/span><span class=\"s4\">?<\/span><\/div>\n<div class=\"s8\"><span class=\"s4\">&#8211; <\/span><span class=\"s4\">Kannst du dich <\/span><span class=\"s4\">unter Wasser <\/span><span class=\"s4\">vom Beckenrand kr\u00e4ftig absto\u00dfen und gleiten?<\/span><\/div>\n<div class=\"s8\"><span class=\"s4\">&#8211; <\/span><span class=\"s4\">Kannst du nach mehreren Ringen <\/span><span class=\"s4\">ohne Schwimmbrille <\/span><span class=\"s4\">tauchen?<\/span><\/div>\n<p class=\"s3\"><span class=\"s4\">Bei Fragen, kannst Du dich gerne per E-Mail an unsere sportliche Leitung <\/span><span class=\"s4\">Rika<\/span><span class=\"s4\"> Kl\u00e4sener (<\/span><a href=\"&#x6d;a&#x69;&#108;&#x74;&#x6f;:&#x72;&#105;&#x6b;&#x61;&#46;&#x6b;&#108;&#x61;&#x65;s&#x65;&#110;&#x65;&#x72;&#64;&#x73;&#115;&#x63;&#x39;0&#x2e;&#100;&#x65;\"><span class=\"s10\">&#114;&#x69;&#x6b;a&#46;&#x6b;l&#97;&#x65;&#x73;e&#110;&#x65;r&#64;&#x73;&#x73;c&#57;&#x30;&#46;&#100;&#x65;<\/span><\/a><span class=\"s4\">) wenden.<\/span><\/p>\n<p class=\"s3\"><span class=\"s7\">Anmeldungen erfolgen ausschlie\u00dflich in einem ver\u00f6ffentlichen Zeitraum<\/span> <span class=\"s7\">\u00fcber das Anmeldeformular. Eine Anmeldung <\/span><span class=\"s2\">per E-Mail ist nicht m\u00f6glich<\/span><span class=\"s7\">.<\/span><\/p>\n<p class=\"s3\"><span style=\"text-decoration: underline; color: #0000ff;\"><span style=\"font-size: 14pt; font-family: 'arial black', sans-serif;\"><strong><span class=\"s6\">Sichtungstermine 2026<\/span><\/strong><\/span><\/span><\/p>\n<p><span style=\"font-family: arial, helvetica, sans-serif; font-size: 14pt;\"><span style=\"color: #339966;\"><span class=\"s6\"><span style=\"color: #000000;\">02.04.2026\u00a0 und\u00a0 <\/span><\/span><\/span>22.10.2026<\/span><\/p>\n<p><em><span style=\"font-family: arial, helvetica, sans-serif; font-size: 14pt; color: #000000;\"><span class=\"s6\">jeweils von 18.45 &#8211; 20.15 Uhr<\/span><\/span><\/em><\/p>\n<p>Das Anmeldeformular f\u00fcr den 22.10.2026 wird hier freigeschaltet am <strong>24.09.2026, 18:00 Uhr.<\/strong><\/p>\n<p>&nbsp;<\/p>\n<p class=\"s5\"><span style=\"font-size: 14pt;\"><strong><span class=\"s6\">Informationen Masters\/Breitensport<\/span><\/strong><\/span><\/p>\n<p class=\"s5\"><span class=\"s4\">Schwimmen \u2013 die Leichtigkeit im Wasser<\/span><\/p>\n<p class=\"s3\"><span class=\"s4\">Schwimmen geh\u00f6rt zu den ges\u00fcndesten und beliebtesten Freizeitsportarten und ist f\u00fcr<\/span> <span class=\"s4\">jedes Lebensalter geeignet.<\/span><\/p>\n<p class=\"s3\"><span class=\"s4\">Schwimmen ist eine Ausdauersportart. Daneben werden auch Kraft, Koordination und<\/span> <span class=\"s4\">Beweglichkeit trainiert. Gleichzeitig verbessern Sie durch den moderaten Widerstand des Wassers ganzheitlich die Muskulatur und trainieren das Herz<\/span><span class=\"s4\">k<\/span><span class=\"s4\">reislauf-System.<\/span><\/p>\n<p class=\"s3\"><span class=\"s4\">Schwimmen eignet sich so hervorragend zur Verbesserung der k\u00f6rperlichen<\/span> <span class=\"s4\">Leistungsf\u00e4higkeit. <\/span><\/p>\n<p class=\"s3\"><span class=\"s4\">Zusammenfassend ist Schwimmen eine ausgezeichnete Sportart zum Training des Herzkreislauf Systems und somit des Fettstoffwechsels. Der Widerstand des Wassers vergr\u00f6\u00dfert diesen Effekt im Vergleich zum Training an Land. <\/span><\/p>\n<p class=\"s3\"><span class=\"s4\">Wir bieten in verschiedenen Gruppen (mit R\u00fccksicht auf Ihre individuelle Leistung) ein zielgerichtetes Training an. <\/span><\/p>\n<p class=\"s3\"><span class=\"s4\">Wir verbessern Ihre Schwimmtechniken in allen Schwimmlagen. Unser Angebot f\u00fcr Wiedereinsteiger, Fitness- und Freizeitsportler ist facettenreich und durch lizensierte Trainer<\/span><span class=\"s4\">*Innen<\/span><span class=\"s4\"> begleitet.<\/span><\/p>\n<p class=\"s3\"><span class=\"s4\">Zum <\/span><span class=\"s4\">Reinschnuppern<\/span><span class=\"s4\"> kannst du <\/span><span class=\"s4\">3-mal<\/span><span class=\"s4\"> zum Probetraining kommen. F\u00fcr die Anmeldung zum Probetraining oder bei Fragen, kannst du dich gerne per E-Mail an unsere sportliche Leitung <\/span><span class=\"s4\">Rika<\/span><span class=\"s4\"> Kl\u00e4sener (<\/span><a href=\"mailto&#58;&#114;&#105;&#107;&#97;&#46;&#107;&#x6c;&#x61;&#x65;&#x73;&#x65;&#x6e;&#x65;&#x72;&#x40;&#x73;&#x73;&#x63;90&#46;de\"><span class=\"s10\">&#x72;&#x69;&#x6b;&#x61;&#x2e;&#x6b;&#x6c;&#x61;&#x65;&#x73;&#x65;&#110;&#101;&#114;&#64;&#115;&#115;&#99;90&#46;de<\/span><\/a><span class=\"s4\">) wenden.<\/span><\/p>\n<p><a href=\"https:\/\/ssc90.de\/web\/wp-content\/uploads\/2021\/04\/infos_nachwuchs_2021.pdf\" class=\"mtli_attachment mtli_pdf\" target=\"_blank\" rel=\"noopener\">Infos f\u00fcr Nachwuchs<\/a><\/p>\n<p><a href=\"https:\/\/ssc90.de\/web\/wp-content\/uploads\/2025\/07\/infos_masters.pdf\" class=\"mtli_attachment mtli_pdf\">Infos f\u00fcr Masters<\/a><\/p>\n<p><a href=\"https:\/\/ssc90.de\/web\/wp-content\/uploads\/2025\/10\/02d.-Satzung-SSC90-09.04.2025.pdf\" class=\"mtli_attachment mtli_pdf\" target=\"_blank\" rel=\"noopener\">Satzung des SSC<\/a><\/p>\n<p><a href=\"https:\/\/ssc90.de\/web\/wp-content\/uploads\/2022\/04\/FINANZORDNUNG-SSC_30.03.22.pdf\" class=\"mtli_attachment mtli_pdf\">Finanzordnung des \u00a0SSC<\/a><\/p>\n<p><strong>Mitgliedsbeitrag und Zahlungsmodalit\u00e4ten sind in der Finanzordnung ersichtlich.<\/strong><\/p>\n<p><a href=\"https:\/\/ssc90.de\/web\/wp-content\/uploads\/2021\/05\/Jugendordnung-2021.pdf\" class=\"mtli_attachment mtli_pdf\">Jugendordnung SSC&#8217;90<\/a><\/p>\n<p>&nbsp;<\/p>\n<p>&nbsp;<\/p>\n","protected":false},"excerpt":{"rendered":"<p>Du hast Lust auf Schwimmen bekommen? Dann komm in unseren Verein. Wir freuen uns auf Dich. &nbsp; Informationen Nachwuchs Du<\/p>\n","protected":false},"author":1,"featured_media":0,"parent":0,"menu_order":30,"comment_status":"closed","ping_status":"closed","template":"","meta":{"colormag_page_container_layout":"default_layout","colormag_page_sidebar_layout":"default_layout","footnotes":""},"class_list":["post-430","page","type-page","status-publish","hentry"],"_links":{"self":[{"href":"https:\/\/ssc90.de\/web\/wp-json\/wp\/v2\/pages\/430","targetHints":{"allow":["GET"]}}],"collection":[{"href":"https:\/\/ssc90.de\/web\/wp-json\/wp\/v2\/pages"}],"about":[{"href":"https:\/\/ssc90.de\/web\/wp-json\/wp\/v2\/types\/page"}],"author":[{"embeddable":true,"href":"https:\/\/ssc90.de\/web\/wp-json\/wp\/v2\/users\/1"}],"replies":[{"embeddable":true,"href":"https:\/\/ssc90.de\/web\/wp-json\/wp\/v2\/comments?post=430"}],"version-history":[{"count":78,"href":"https:\/\/ssc90.de\/web\/wp-json\/wp\/v2\/pages\/430\/revisions"}],"predecessor-version":[{"id":4074,"href":"https:\/\/ssc90.de\/web\/wp-json\/wp\/v2\/pages\/430\/revisions\/4074"}],"wp:attachment":[{"href":"https:\/\/ssc90.de\/web\/wp-json\/wp\/v2\/media?parent=430"}],"curies":[{"name":"wp","href":"https:\/\/api.w.org\/{rel}","templated":true}]}}