{"id":74,"date":"2016-11-08T21:30:53","date_gmt":"2016-11-08T20:30:53","guid":{"rendered":"http:\/\/ssc90.de\/web\/?page_id=74"},"modified":"2022-04-17T23:29:25","modified_gmt":"2022-04-17T21:29:25","slug":"dms","status":"publish","type":"page","link":"https:\/\/ssc90.de\/web\/schwimmen-allgemeines\/wettkaempfe-in-shs\/dms\/","title":{"rendered":"DMS"},"content":{"rendered":"<p>F\u00fcr die DMS -Deutschen Mannschaftsmeisterschaften- im Bezirk OWL bewerben wir uns regelm\u00e4\u00dfig. In den letzten Jahren konnten wir diesen Wettkampf immer im Hallenbad Schlo\u00df Holte-Stukenbrock durchf\u00fchren. So haben die Mannschaften die Schwimmer die M\u00f6glichkeit, im eigenen Hallenbad anzutreten.<\/p>\n<p><img loading=\"lazy\" decoding=\"async\" class=\" wp-image-1421\" src=\"https:\/\/ssc90.de\/web\/wp-content\/uploads\/2020\/09\/86870096_132090921645284_1757455967043190784_o-300x200.jpg\" alt=\"\" width=\"768\" height=\"513\" srcset=\"https:\/\/ssc90.de\/web\/wp-content\/uploads\/2020\/09\/86870096_132090921645284_1757455967043190784_o-300x200.jpg 300w, https:\/\/ssc90.de\/web\/wp-content\/uploads\/2020\/09\/86870096_132090921645284_1757455967043190784_o-1024x683.jpg 1024w, https:\/\/ssc90.de\/web\/wp-content\/uploads\/2020\/09\/86870096_132090921645284_1757455967043190784_o-768x512.jpg 768w, https:\/\/ssc90.de\/web\/wp-content\/uploads\/2020\/09\/86870096_132090921645284_1757455967043190784_o-1536x1024.jpg 1536w, https:\/\/ssc90.de\/web\/wp-content\/uploads\/2020\/09\/86870096_132090921645284_1757455967043190784_o.jpg 2048w\" sizes=\"auto, (max-width: 768px) 100vw, 768px\" \/><\/p>\n<p>Foto:\u00a0Besim Mazhiqi<\/p>\n<p>Impressionen der DMS 2020 finden Sie <a href=\"https:\/\/ssc90.de\/web\/bwg_gallery\/dms-2020\/\">hier<\/a>.<\/p>\n<p><strong>Meldeergebnis<\/strong><\/p>\n<p><strong>Protokoll<\/strong><\/p>\n<p><a href=\"https:\/\/ssc90.de\/web\/wp-content\/uploads\/2019\/02\/2019_protokoll_dms_bezirksklasse_owl_shs.pdf\" class=\"mtli_attachment mtli_pdf\" target=\"_blank\" rel=\"noopener noreferrer\">Protokoll 2019 DMS-Bezirksklasse<\/a><\/p>\n<p><a href=\"https:\/\/ssc90.de\/web\/wp-content\/uploads\/2019\/02\/2019-02-16-SchlossH-Pr.dsv6\" target=\"_blank\" rel=\"noopener noreferrer\">DSV6-Datei 2019 DMS-Bezirksklasse<\/a><\/p>\n<p><a href=\"https:\/\/ssc90.de\/web\/wp-content\/uploads\/2020\/09\/erg_dms_liga_2020.pdf\" class=\"mtli_attachment mtli_pdf\">Protokoll 2020 DMS-Bezirksliga<\/a><\/p>\n<p><a href=\"https:\/\/ssc90.de\/web\/wp-content\/uploads\/2020\/09\/erg_dms_liga_2020.dsv6\">DSV6-Datei 2020 DMS-Bezirksliga<\/a><\/p>\n<p><a href=\"https:\/\/ssc90.de\/web\/wp-content\/uploads\/2020\/09\/erg_dms_klasse_stukenbrock_2020.pdf\" class=\"mtli_attachment mtli_pdf\">Protokoll 2020 DMS Bezirksklasse<\/a><\/p>\n<p><a href=\"https:\/\/ssc90.de\/web\/wp-content\/uploads\/2020\/09\/erg_dms_klasse_stukenbrock_2020.dsv6\">DSV6-Datei 2020 DMS Bezirksklasse<\/a><\/p>\n<p>Information: Die DMS 2021 und 2022 fanden aufgrund der COVID-19 Pandemie nicht statt.<\/p>\n","protected":false},"excerpt":{"rendered":"<p>F\u00fcr die DMS -Deutschen Mannschaftsmeisterschaften- im Bezirk OWL bewerben wir uns regelm\u00e4\u00dfig. In den letzten Jahren konnten wir diesen Wettkampf<\/p>\n","protected":false},"author":1,"featured_media":0,"parent":61,"menu_order":1,"comment_status":"closed","ping_status":"closed","template":"","meta":{"colormag_page_container_layout":"default_layout","colormag_page_sidebar_layout":"default_layout","footnotes":""},"class_list":["post-74","page","type-page","status-publish","hentry"],"_links":{"self":[{"href":"https:\/\/ssc90.de\/web\/wp-json\/wp\/v2\/pages\/74","targetHints":{"allow":["GET"]}}],"collection":[{"href":"https:\/\/ssc90.de\/web\/wp-json\/wp\/v2\/pages"}],"about":[{"href":"https:\/\/ssc90.de\/web\/wp-json\/wp\/v2\/types\/page"}],"author":[{"embeddable":true,"href":"https:\/\/ssc90.de\/web\/wp-json\/wp\/v2\/users\/1"}],"replies":[{"embeddable":true,"href":"https:\/\/ssc90.de\/web\/wp-json\/wp\/v2\/comments?post=74"}],"version-history":[{"count":17,"href":"https:\/\/ssc90.de\/web\/wp-json\/wp\/v2\/pages\/74\/revisions"}],"predecessor-version":[{"id":2363,"href":"https:\/\/ssc90.de\/web\/wp-json\/wp\/v2\/pages\/74\/revisions\/2363"}],"up":[{"embeddable":true,"href":"https:\/\/ssc90.de\/web\/wp-json\/wp\/v2\/pages\/61"}],"wp:attachment":[{"href":"https:\/\/ssc90.de\/web\/wp-json\/wp\/v2\/media?parent=74"}],"curies":[{"name":"wp","href":"https:\/\/api.w.org\/{rel}","templated":true}]}}